{"id":12,"date":"2022-09-06T15:23:18","date_gmt":"2022-09-06T15:23:18","guid":{"rendered":"https:\/\/matthewm203.sg-host.com\/?page_id=12"},"modified":"2022-10-23T15:21:04","modified_gmt":"2022-10-23T15:21:04","slug":"our-mission","status":"publish","type":"page","link":"https:\/\/catanddogworld.com\/es\/our-mission\/","title":{"rendered":"Nuestra misi\u00f3n"},"content":{"rendered":"<p>[et_pb_section fb_built=&#8221;1&#8243; _builder_version=&#8221;4.17.6&#8243; _module_preset=&#8221;default&#8221; background_color=&#8221;rgba(255,255,255,0.79)&#8221; background_image=&#8221;https:\/\/catanddogworld.com\/wp-content\/uploads\/2022\/09\/pink-paws1.png&#8221; parallax=&#8221;on&#8221; parallax_method=&#8221;off&#8221; background_image_phone=&#8221;https:\/\/catanddogworld.com\/wp-content\/uploads\/2022\/09\/Artboard-1.png&#8221; background_enable_image_phone=&#8221;on&#8221; background_size_phone=&#8221;contain&#8221; background_repeat_phone=&#8221;repeat&#8221; global_colors_info=&#8221;{}&#8221;][et_pb_row column_structure=&#8221;1_2,1_2&#8243; _builder_version=&#8221;4.17.6&#8243; _module_preset=&#8221;default&#8221; global_colors_info=&#8221;{}&#8221;][et_pb_column type=&#8221;1_2&#8243; _builder_version=&#8221;4.17.6&#8243; _module_preset=&#8221;default&#8221; global_colors_info=&#8221;{}&#8221;][et_pb_text _builder_version=&#8221;4.17.6&#8243; _module_preset=&#8221;default&#8221; text_font=&#8221;RocknRoll One||||||||&#8221; header_font=&#8221;RocknRoll One||||||||&#8221; header_text_align=&#8221;center&#8221; header_text_color=&#8221;#E82582&#8243; header_font_size=&#8221;80px&#8221; header_line_height=&#8221;1.2em&#8221; custom_padding=&#8221;20px||||false|false&#8221; text_font_size_tablet=&#8221;&#8221; text_font_size_phone=&#8221;14px&#8221; text_font_size_last_edited=&#8221;on|phone&#8221; header_text_align_tablet=&#8221;center&#8221; header_text_align_phone=&#8221;center&#8221; header_text_align_last_edited=&#8221;on|phone&#8221; header_font_size_tablet=&#8221;40px&#8221; header_font_size_phone=&#8221;40px&#8221; header_font_size_last_edited=&#8221;on|desktop&#8221; header_line_height_tablet=&#8221;1.2em&#8221; header_line_height_phone=&#8221;1.4em&#8221; header_line_height_last_edited=&#8221;on|phone&#8221; global_colors_info=&#8221;{}&#8221;]<\/p>\n<h1>Nuestra misi\u00f3n<\/h1>\n<p>[\/et_pb_text][\/et_pb_column][et_pb_column type=&#8221;1_2&#8243; _builder_version=&#8221;4.17.6&#8243; _module_preset=&#8221;default&#8221; global_colors_info=&#8221;{}&#8221;][et_pb_code _builder_version=&#8221;4.17.6&#8243; _module_preset=&#8221;default&#8221; global_colors_info=&#8221;{}&#8221;]<script src=\"https:\/\/unpkg.com\/@lottiefiles\/lottie-player@latest\/dist\/lottie-player.js\"><\/script><!-- [et_pb_line_break_holder] --><lottie-player src=\"https:\/\/assets3.lottiefiles.com\/packages\/lf20_syqnfe7c.json\"  background=\"transparent\"  speed=\"1\"  style=\"width: 300px; height: 300px;\"  loop autoplay><\/lottie-player>[\/et_pb_code][\/et_pb_column][\/et_pb_row][et_pb_row _builder_version=&#8221;4.17.6&#8243; _module_preset=&#8221;default&#8221; global_colors_info=&#8221;{}&#8221;][et_pb_column type=&#8221;4_4&#8243; _builder_version=&#8221;4.17.6&#8243; _module_preset=&#8221;default&#8221; global_colors_info=&#8221;{}&#8221;][et_pb_text _builder_version=&#8221;4.17.6&#8243; _module_preset=&#8221;default&#8221; text_font=&#8221;RocknRoll One||||||||&#8221; text_orientation=&#8221;center&#8221; global_colors_info=&#8221;{}&#8221;]<\/p>\n<h1>\"Cuidamos a todos los animales como si fueran nuestros\"<\/h1>\n<p>[\/et_pb_text][\/et_pb_column][\/et_pb_row][et_pb_row column_structure=&#8221;1_2,1_2&#8243; _builder_version=&#8221;4.17.6&#8243; _module_preset=&#8221;default&#8221; hover_enabled=&#8221;0&#8243; global_colors_info=&#8221;{}&#8221; sticky_enabled=&#8221;0&#8243;][et_pb_column type=&#8221;1_2&#8243; _builder_version=&#8221;4.17.6&#8243; _module_preset=&#8221;default&#8221; global_colors_info=&#8221;{}&#8221;][et_pb_image src=&#8221;https:\/\/catanddogworld.com\/wp-content\/uploads\/2022\/09\/036.jpg&#8221; title_text=&#8221;036&#8243; _builder_version=&#8221;4.18.0&#8243; _module_preset=&#8221;default&#8221; custom_margin=&#8221;125px||||false|false&#8221; hover_enabled=&#8221;0&#8243; border_radii=&#8221;on|10px|10px|10px|10px&#8221; box_shadow_style=&#8221;preset1&#8243; global_colors_info=&#8221;{}&#8221; custom_margin_last_edited=&#8221;on|phone&#8221; custom_margin_phone=&#8221;0px||||false|false&#8221; sticky_enabled=&#8221;0&#8243; custom_margin_tablet=&#8221;125px||||false|false&#8221;][\/et_pb_image][\/et_pb_column][et_pb_column type=&#8221;1_2&#8243; _builder_version=&#8221;4.18.0&#8243; _module_preset=&#8221;default&#8221; global_colors_info=&#8221;{}&#8221;][et_pb_text _builder_version=&#8221;4.18.0&#8243; _module_preset=&#8221;default&#8221; text_font=&#8221;RocknRoll One||||||||&#8221; text_text_color=&#8221;#000000&#8243; text_font_size=&#8221;22px&#8221; text_line_height=&#8221;1.3em&#8221; custom_margin=&#8221;74px||||false|false&#8221; hover_enabled=&#8221;0&#8243; global_colors_info=&#8221;{}&#8221; custom_margin_last_edited=&#8221;on|phone&#8221; custom_margin_phone=&#8221;0px||||false|false&#8221; text_orientation=&#8221;center&#8221; sticky_enabled=&#8221;0&#8243; custom_margin_tablet=&#8221;74px||||false|false&#8221;]<\/p>\n<p>Nuestras instalaciones de alojamiento de lujo pertenecen y fueron construidas por Bill y Denise Whitehair, y est\u00e1n situadas en el hermoso campo de<strong> Alhaur\u00edn El Grande, M\u00e1laga en la Costa del Sol<\/strong> y es uno de los pocos criaderos con licencia, inspecci\u00f3n y aprobaci\u00f3n de la Junta de Andaluc\u00eda.<\/p>\n<p>[\/et_pb_text][et_pb_text _builder_version=&#8221;4.18.0&#8243; _module_preset=&#8221;default&#8221; text_font=&#8221;RocknRoll One||||||||&#8221; text_text_color=&#8221;#000000&#8243; text_font_size=&#8221;21px&#8221; text_line_height=&#8221;1.3em&#8221; custom_margin=&#8221;25px||||false|false&#8221; locked=&#8221;off&#8221; global_colors_info=&#8221;{}&#8221;]<\/p>\n<div class=\"et_pb_blurb_container\">\n<h1 class=\"et_pb_module_header\" style=\"text-align: center;\"><span>CON LICENCIA COMPLETA<\/span><\/h1>\n<div class=\"et_pb_blurb_description\">\n<p style=\"text-align: center;\">Estamos totalmente autorizados, inspeccionados y aprobados por la Junta de Andaluc\u00eda y somos uno de los pocos criaderos que tiene licencia zool\u00f3gica: ES290080000480.<\/p>\n<p style=\"text-align: center;\">Sin una licencia zool\u00f3gica un perrera no es legal y no debe comerciar<\/p>\n<\/div>\n<\/div>\n<p>[\/et_pb_text][\/et_pb_column][\/et_pb_row][et_pb_row column_structure=&#8221;2_3,1_3&#8243; _builder_version=&#8221;4.18.0&#8243; _module_preset=&#8221;default&#8221; global_colors_info=&#8221;{}&#8221;][et_pb_column type=&#8221;2_3&#8243; _builder_version=&#8221;4.18.0&#8243; _module_preset=&#8221;default&#8221; global_colors_info=&#8221;{}&#8221;][et_pb_text _builder_version=&#8221;4.18.0&#8243; _module_preset=&#8221;default&#8221; text_font=&#8221;RocknRoll One||||||||&#8221; text_text_color=&#8221;#000000&#8243; text_font_size=&#8221;22px&#8221; text_line_height=&#8221;1.3em&#8221; custom_margin=&#8221;74px||||false|false&#8221; hover_enabled=&#8221;0&#8243; global_colors_info=&#8221;{}&#8221; text_orientation=&#8221;center&#8221; sticky_enabled=&#8221;0&#8243;]<\/p>\n<p>Habiendo vendido nuestras perreras en Inglaterra, vinimos a Espa\u00f1a para establecer un \"Hotel para perros y gatos\" de calidad superior. Con veinte a\u00f1os de experiencia en el alojamiento de perros y gatos en Londres, nuestro conocimiento experto se puso en la planificaci\u00f3n y el dise\u00f1o de Cat and Dog World, para dar a todos los animales a nuestro cuidado instalaciones de primera clase y atenci\u00f3n profesional.<\/p>\n<p>[\/et_pb_text][\/et_pb_column][et_pb_column type=&#8221;1_3&#8243; _builder_version=&#8221;4.18.0&#8243; _module_preset=&#8221;default&#8221; global_colors_info=&#8221;{}&#8221;][et_pb_image src=&#8221;https:\/\/catanddogworld.com\/wp-content\/uploads\/2022\/09\/cat-and-dog-world-mission-1.jpg&#8221; title_text=&#8221;cat-and-dog-world-mission-1&#8243; show_bottom_space=&#8221;off&#8221; _builder_version=&#8221;4.18.0&#8243; _module_preset=&#8221;default&#8221; width=&#8221;135%&#8221; module_alignment=&#8221;center&#8221; custom_margin=&#8221;0px|||0px|false|false&#8221; custom_margin_tablet=&#8221;0px|||0px|false|false&#8221; custom_margin_phone=&#8221;0px|||0px|false|false&#8221; custom_margin_last_edited=&#8221;on|desktop&#8221; custom_padding=&#8221;0px||0px|0px|false|false&#8221; border_radii=&#8221;on|5px|5px|5px|5px&#8221; box_shadow_style=&#8221;preset1&#8243; global_colors_info=&#8221;{}&#8221;][\/et_pb_image][\/et_pb_column][\/et_pb_row][et_pb_row column_structure=&#8221;2_5,3_5&#8243; _builder_version=&#8221;4.18.0&#8243; _module_preset=&#8221;default&#8221; link_option_url=&#8221;https:\/\/www.facebook.com\/giftoflifecatrescue&#8221; link_option_url_new_window=&#8221;on&#8221; global_colors_info=&#8221;{}&#8221;][et_pb_column type=&#8221;2_5&#8243; _builder_version=&#8221;4.18.0&#8243; _module_preset=&#8221;default&#8221; global_colors_info=&#8221;{}&#8221;][et_pb_image src=&#8221;https:\/\/catanddogworld.com\/wp-content\/uploads\/2022\/09\/cat-and-dog-world-gallery-6.jpg.png&#8221; title_text=&#8221;cat-and-dog-world-gallery-6.jpg&#8221; _builder_version=&#8221;4.18.0&#8243; _module_preset=&#8221;default&#8221; global_colors_info=&#8221;{}&#8221;][\/et_pb_image][\/et_pb_column][et_pb_column type=&#8221;3_5&#8243; _builder_version=&#8221;4.18.0&#8243; _module_preset=&#8221;default&#8221; global_colors_info=&#8221;{}&#8221;][et_pb_text _builder_version=&#8221;4.18.0&#8243; _module_preset=&#8221;default&#8221; text_font=&#8221;RocknRoll One||||||||&#8221; text_text_color=&#8221;#000000&#8243; text_font_size=&#8221;22px&#8221; text_line_height=&#8221;1.3em&#8221; custom_margin=&#8221;74px||||false|false&#8221; hover_enabled=&#8221;0&#8243; global_colors_info=&#8221;{}&#8221; text_orientation=&#8221;center&#8221; sticky_enabled=&#8221;0&#8243;]<\/p>\n<p>Tambi\u00e9n era \"nuestra misi\u00f3n\" ayudar a los gatos maltratados y abandonados de nuestra zona cuando el espacio y las finanzas lo permiten. Los perros est\u00e1n bien atendidos por las asociaciones de rescate de la zona, pero no hay mucha gente que tenga la facilidad de albergar a los gatos de forma segura.<\/p>\n<p>As\u00ed se fund\u00f3 The Gift Of Life Spanish Cat Rescue.<\/p>\n<p>[\/et_pb_text][et_pb_image src=&#8221;https:\/\/catanddogworld.com\/wp-content\/uploads\/2022\/09\/Facebook.png&#8221; title_text=&#8221;Facebook&#8221; _builder_version=&#8221;4.18.0&#8243; _module_preset=&#8221;default&#8221; width=&#8221;44%&#8221; global_colors_info=&#8221;{}&#8221;][\/et_pb_image][\/et_pb_column][\/et_pb_row][et_pb_row _builder_version=&#8221;4.18.0&#8243; _module_preset=&#8221;default&#8221; custom_padding=&#8221;50px||||false|false&#8221; global_colors_info=&#8221;{}&#8221;][et_pb_column type=&#8221;4_4&#8243; _builder_version=&#8221;4.17.6&#8243; _module_preset=&#8221;default&#8221; global_colors_info=&#8221;{}&#8221;][et_pb_text _builder_version=&#8221;4.18.0&#8243; _module_preset=&#8221;default&#8221; text_font=&#8221;RocknRoll One||||||||&#8221; text_text_color=&#8221;#000000&#8243; text_font_size=&#8221;21px&#8221; text_line_height=&#8221;1.3em&#8221; global_colors_info=&#8221;{}&#8221;]<\/p>\n<h1 style=\"text-align: center;\"><strong>HORARIOS DE APERTURA<\/strong><\/h1>\n<p style=\"text-align: center;\">Lunes, martes, jueves, viernes y s\u00e1bado de 10:00 a 17:00 (cerrado de 13:00 a 14:00 para el almuerzo)<\/p>\n<p style=\"text-align: center;\">Mi\u00e9rcoles y domingos de 10 a 13 horas solamente<\/p>\n<p class=\"style3\" style=\"text-align: center;\">No se tienen en cuenta las solicitudes de apertura fuera de horario, ya que molesta a los animales.<\/p>\n<p>[\/et_pb_text][et_pb_text _builder_version=&#8221;4.18.0&#8243; _module_preset=&#8221;default&#8221; text_font=&#8221;RocknRoll One||||||||&#8221; text_text_color=&#8221;#000000&#8243; text_font_size=&#8221;21px&#8221; text_line_height=&#8221;1.3em&#8221; global_colors_info=&#8221;{}&#8221;]<\/p>\n<h1 style=\"text-align: center;\"><strong>RECOGIDA Y ENTREGA<\/strong><\/h1>\n<p style=\"text-align: center;\">Estaremos encantados de recoger a su mascota y devolv\u00e9rsela a casa, por un coste adicional y previo acuerdo.<\/p>\n<p>[\/et_pb_text][\/et_pb_column][\/et_pb_row][et_pb_row _builder_version=&#8221;4.18.0&#8243; _module_preset=&#8221;default&#8221; global_colors_info=&#8221;{}&#8221;][et_pb_column type=&#8221;4_4&#8243; _builder_version=&#8221;4.18.0&#8243; _module_preset=&#8221;default&#8221; global_colors_info=&#8221;{}&#8221;][et_pb_code _builder_version=&#8221;4.18.0&#8243; _module_preset=&#8221;default&#8221; global_colors_info=&#8221;{}&#8221;] [\/et_pb_code][\/et_pb_column][\/et_pb_row][\/et_pb_section]<\/p>","protected":false},"excerpt":{"rendered":"<p>Our Mission\u201cWe care for every animal as if they are our very own\u201dOur Luxury boarding Kennels and Cattery are owned and were built by Bill and Denise Whitehair, and are situated in the beautiful countryside of Alhaurin El Grande, Malaga on the Costa Del Sol and is one of the few kennels fully licensed, inspected [&hellip;]<\/p>","protected":false},"author":1,"featured_media":0,"parent":0,"menu_order":0,"comment_status":"closed","ping_status":"closed","template":"","meta":{"_et_pb_use_builder":"on","_et_pb_old_content":"<!-- wp:divi\/placeholder \/-->","_et_gb_content_width":"","footnotes":""},"class_list":["post-12","page","type-page","status-publish","hentry"],"yoast_head":"<!-- This site is optimized with the Yoast SEO plugin v26.1.1 - https:\/\/yoast.com\/wordpress\/plugins\/seo\/ -->\n<title>Cat &amp; Dog World - Our Mission<\/title>\n<meta name=\"description\" content=\"Our Luxury boarding Kennels and Cattery are owned and were built by Bill and Denise Whitehair, and are situated in the beautiful countryside of Alhaurin El Grande, Malaga on the Costa Del Sol\" \/>\n<meta name=\"robots\" content=\"index, follow, max-snippet:-1, max-image-preview:large, max-video-preview:-1\" \/>\n<link rel=\"canonical\" href=\"https:\/\/catanddogworld.com\/es\/our-mission\/\" \/>\n<meta property=\"og:locale\" content=\"es_ES\" \/>\n<meta property=\"og:type\" content=\"article\" \/>\n<meta property=\"og:title\" content=\"Cat &amp; Dog World - Our Mission\" \/>\n<meta property=\"og:description\" content=\"Our Luxury boarding Kennels and Cattery are owned and were built by Bill and Denise Whitehair, and are situated in the beautiful countryside of Alhaurin El Grande, Malaga on the Costa Del Sol\" \/>\n<meta property=\"og:url\" content=\"https:\/\/catanddogworld.com\/es\/our-mission\/\" \/>\n<meta property=\"og:site_name\" content=\"Cat &amp; Dog World\" \/>\n<meta property=\"article:modified_time\" content=\"2022-10-23T15:21:04+00:00\" \/>\n<meta name=\"twitter:card\" content=\"summary_large_image\" \/>\n<meta name=\"twitter:label1\" content=\"Tiempo de lectura\" \/>\n\t<meta name=\"twitter:data1\" content=\"3 minutos\" \/>\n<script type=\"application\/ld+json\" class=\"yoast-schema-graph\">{\"@context\":\"https:\/\/schema.org\",\"@graph\":[{\"@type\":\"WebPage\",\"@id\":\"https:\/\/catanddogworld.com\/our-mission\/\",\"url\":\"https:\/\/catanddogworld.com\/our-mission\/\",\"name\":\"Cat &amp; Dog World - Our Mission\",\"isPartOf\":{\"@id\":\"https:\/\/catanddogworld.com\/#website\"},\"datePublished\":\"2022-09-06T15:23:18+00:00\",\"dateModified\":\"2022-10-23T15:21:04+00:00\",\"description\":\"Our Luxury boarding Kennels and Cattery are owned and were built by Bill and Denise Whitehair, and are situated in the beautiful countryside of Alhaurin El Grande, Malaga on the Costa Del Sol\",\"breadcrumb\":{\"@id\":\"https:\/\/catanddogworld.com\/our-mission\/#breadcrumb\"},\"inLanguage\":\"es\",\"potentialAction\":[{\"@type\":\"ReadAction\",\"target\":[\"https:\/\/catanddogworld.com\/our-mission\/\"]}]},{\"@type\":\"BreadcrumbList\",\"@id\":\"https:\/\/catanddogworld.com\/our-mission\/#breadcrumb\",\"itemListElement\":[{\"@type\":\"ListItem\",\"position\":1,\"name\":\"Home\",\"item\":\"https:\/\/catanddogworld.com\/\"},{\"@type\":\"ListItem\",\"position\":2,\"name\":\"Our Mission\"}]},{\"@type\":\"WebSite\",\"@id\":\"https:\/\/catanddogworld.com\/#website\",\"url\":\"https:\/\/catanddogworld.com\/\",\"name\":\"Cat &amp; Dog World\",\"description\":\"The Caring Touch\",\"potentialAction\":[{\"@type\":\"SearchAction\",\"target\":{\"@type\":\"EntryPoint\",\"urlTemplate\":\"https:\/\/catanddogworld.com\/?s={search_term_string}\"},\"query-input\":{\"@type\":\"PropertyValueSpecification\",\"valueRequired\":true,\"valueName\":\"search_term_string\"}}],\"inLanguage\":\"es\"}]}<\/script>\n<!-- \/ Yoast SEO plugin. -->","yoast_head_json":{"title":"Cat &amp; Dog World - Our Mission","description":"Our Luxury boarding Kennels and Cattery are owned and were built by Bill and Denise Whitehair, and are situated in the beautiful countryside of Alhaurin El Grande, Malaga on the Costa Del Sol","robots":{"index":"index","follow":"follow","max-snippet":"max-snippet:-1","max-image-preview":"max-image-preview:large","max-video-preview":"max-video-preview:-1"},"canonical":"https:\/\/catanddogworld.com\/es\/our-mission\/","og_locale":"es_ES","og_type":"article","og_title":"Cat &amp; Dog World - Our Mission","og_description":"Our Luxury boarding Kennels and Cattery are owned and were built by Bill and Denise Whitehair, and are situated in the beautiful countryside of Alhaurin El Grande, Malaga on the Costa Del Sol","og_url":"https:\/\/catanddogworld.com\/es\/our-mission\/","og_site_name":"Cat &amp; Dog World","article_modified_time":"2022-10-23T15:21:04+00:00","twitter_card":"summary_large_image","twitter_misc":{"Tiempo de lectura":"3 minutos"},"schema":{"@context":"https:\/\/schema.org","@graph":[{"@type":"WebPage","@id":"https:\/\/catanddogworld.com\/our-mission\/","url":"https:\/\/catanddogworld.com\/our-mission\/","name":"Cat &amp; Dog World - Our Mission","isPartOf":{"@id":"https:\/\/catanddogworld.com\/#website"},"datePublished":"2022-09-06T15:23:18+00:00","dateModified":"2022-10-23T15:21:04+00:00","description":"Our Luxury boarding Kennels and Cattery are owned and were built by Bill and Denise Whitehair, and are situated in the beautiful countryside of Alhaurin El Grande, Malaga on the Costa Del Sol","breadcrumb":{"@id":"https:\/\/catanddogworld.com\/our-mission\/#breadcrumb"},"inLanguage":"es","potentialAction":[{"@type":"ReadAction","target":["https:\/\/catanddogworld.com\/our-mission\/"]}]},{"@type":"BreadcrumbList","@id":"https:\/\/catanddogworld.com\/our-mission\/#breadcrumb","itemListElement":[{"@type":"ListItem","position":1,"name":"Home","item":"https:\/\/catanddogworld.com\/"},{"@type":"ListItem","position":2,"name":"Our Mission"}]},{"@type":"WebSite","@id":"https:\/\/catanddogworld.com\/#website","url":"https:\/\/catanddogworld.com\/","name":"Cat &amp; Dog World","description":"The Caring Touch","potentialAction":[{"@type":"SearchAction","target":{"@type":"EntryPoint","urlTemplate":"https:\/\/catanddogworld.com\/?s={search_term_string}"},"query-input":{"@type":"PropertyValueSpecification","valueRequired":true,"valueName":"search_term_string"}}],"inLanguage":"es"}]}},"_links":{"self":[{"href":"https:\/\/catanddogworld.com\/es\/wp-json\/wp\/v2\/pages\/12","targetHints":{"allow":["GET"]}}],"collection":[{"href":"https:\/\/catanddogworld.com\/es\/wp-json\/wp\/v2\/pages"}],"about":[{"href":"https:\/\/catanddogworld.com\/es\/wp-json\/wp\/v2\/types\/page"}],"author":[{"embeddable":true,"href":"https:\/\/catanddogworld.com\/es\/wp-json\/wp\/v2\/users\/1"}],"replies":[{"embeddable":true,"href":"https:\/\/catanddogworld.com\/es\/wp-json\/wp\/v2\/comments?post=12"}],"version-history":[{"count":0,"href":"https:\/\/catanddogworld.com\/es\/wp-json\/wp\/v2\/pages\/12\/revisions"}],"wp:attachment":[{"href":"https:\/\/catanddogworld.com\/es\/wp-json\/wp\/v2\/media?parent=12"}],"curies":[{"name":"wp","href":"https:\/\/api.w.org\/{rel}","templated":true}]}}