{"id":14,"date":"2022-09-06T15:23:29","date_gmt":"2022-09-06T15:23:29","guid":{"rendered":"https:\/\/matthewm203.sg-host.com\/?page_id=14"},"modified":"2023-09-01T13:27:10","modified_gmt":"2023-09-01T13:27:10","slug":"kennels","status":"publish","type":"page","link":"https:\/\/catanddogworld.com\/es\/kennels\/","title":{"rendered":"Perreras"},"content":{"rendered":"<p>[et_pb_section fb_built=&#8221;1&#8243; custom_padding_last_edited=&#8221;on|phone&#8221; _builder_version=&#8221;4.18.0&#8243; _module_preset=&#8221;default&#8221; background_color=&#8221;rgba(255,255,255,0.79)&#8221; background_image=&#8221;https:\/\/catanddogworld.com\/wp-content\/uploads\/2022\/09\/pink-paws1.png&#8221; parallax=&#8221;on&#8221; parallax_method=&#8221;off&#8221; custom_padding=&#8221;115px||||false|false&#8221; custom_padding_tablet=&#8221;115px||||false|false&#8221; custom_padding_phone=&#8221;10px||||false|false&#8221; background_image_phone=&#8221;https:\/\/catanddogworld.com\/wp-content\/uploads\/2022\/09\/Artboard-1.png&#8221; background_enable_image_phone=&#8221;on&#8221; background_size_phone=&#8221;contain&#8221; background_repeat_phone=&#8221;repeat&#8221; global_colors_info=&#8221;{}&#8221;][et_pb_row _builder_version=&#8221;4.17.6&#8243; _module_preset=&#8221;default&#8221; global_colors_info=&#8221;{}&#8221;][et_pb_column type=&#8221;4_4&#8243; _builder_version=&#8221;4.17.6&#8243; _module_preset=&#8221;default&#8221; global_colors_info=&#8221;{}&#8221;][et_pb_text _builder_version=&#8221;4.20.0&#8243; _module_preset=&#8221;default&#8221; header_2_font=&#8221;RocknRoll One||||||||&#8221; header_2_text_color=&#8221;#2c2b4c&#8221; header_2_font_size=&#8221;41px&#8221; header_2_line_height=&#8221;1.2em&#8221; text_orientation=&#8221;center&#8221; custom_margin=&#8221;||||false|false&#8221; header_2_font_size_tablet=&#8221;32px&#8221; header_2_font_size_phone=&#8221;30px&#8221; header_2_font_size_last_edited=&#8221;on|desktop&#8221; header_2_line_height_tablet=&#8221;1.2em&#8221; header_2_line_height_phone=&#8221;1.4em&#8221; header_2_line_height_last_edited=&#8221;on|phone&#8221; z_index_tablet=&#8221;&#8221; z_index_phone=&#8221;-2&#8243; z_index_last_edited=&#8221;on|phone&#8221; global_colors_info=&#8221;{}&#8221;]<\/p>\n<h2>Nuestras perreras de lujo<\/h2>\n<p>[\/et_pb_text][\/et_pb_column][\/et_pb_row][et_pb_row _builder_version=&#8221;4.17.6&#8243; _module_preset=&#8221;default&#8221; global_colors_info=&#8221;{}&#8221;][et_pb_column type=&#8221;4_4&#8243; _builder_version=&#8221;4.17.6&#8243; _module_preset=&#8221;default&#8221; global_colors_info=&#8221;{}&#8221;][et_pb_text _builder_version=&#8221;4.20.0&#8243; _module_preset=&#8221;default&#8221; header_font=&#8221;RocknRoll One||||||||&#8221; header_text_align=&#8221;center&#8221; header_line_height=&#8221;1.2em&#8221; header_2_font=&#8221;RocknRoll One||||||||&#8221; header_2_text_align=&#8221;center&#8221; header_2_font_size=&#8221;21px&#8221; header_2_line_height=&#8221;1.3em&#8221; global_colors_info=&#8221;{}&#8221;]<\/p>\n<h1>Perreras climatizadas con 7 grandes zonas de ejercicio al aire libre en el campo de Alhaur\u00edn el Grande, Espa\u00f1a<\/h1>\n<p>[\/et_pb_text][\/et_pb_column][\/et_pb_row][et_pb_row column_structure=&#8221;1_2,1_2&#8243; module_class=&#8221;two-columns&#8221; _builder_version=&#8221;4.17.6&#8243; _module_preset=&#8221;default&#8221; global_colors_info=&#8221;{}&#8221;][et_pb_column type=&#8221;1_2&#8243; _builder_version=&#8221;4.17.6&#8243; _module_preset=&#8221;default&#8221; global_colors_info=&#8221;{}&#8221;][et_pb_image src=&#8221;https:\/\/catanddogworld.com\/wp-content\/uploads\/2022\/09\/Kennels-1.jpeg&#8221; title_text=&#8221;Kennels-1&#8243; align_tablet=&#8221;&#8221; align_phone=&#8221;center&#8221; align_last_edited=&#8221;on|phone&#8221; _builder_version=&#8221;4.18.0&#8243; _module_preset=&#8221;default&#8221; custom_margin=&#8221;|||0px|false|false&#8221; custom_margin_tablet=&#8221;|||0px|false|false&#8221; custom_margin_phone=&#8221;|||0px|false|false&#8221; custom_margin_last_edited=&#8221;on|phone&#8221; custom_padding=&#8221;|10px||0px|false|false&#8221; border_radii=&#8221;on|10px|10px|10px|10px&#8221; box_shadow_style=&#8221;preset1&#8243; global_colors_info=&#8221;{}&#8221;][\/et_pb_image][\/et_pb_column][et_pb_column type=&#8221;1_2&#8243; _builder_version=&#8221;4.17.6&#8243; _module_preset=&#8221;default&#8221; global_colors_info=&#8221;{}&#8221;][et_pb_image src=&#8221;https:\/\/catanddogworld.com\/wp-content\/uploads\/2022\/09\/Bill-and-dogs.jpg&#8221; title_text=&#8221;bill-and-dogs&#8221; align_tablet=&#8221;&#8221; align_phone=&#8221;center&#8221; align_last_edited=&#8221;on|phone&#8221; _builder_version=&#8221;4.18.0&#8243; _module_preset=&#8221;default&#8221; width=&#8221;82%&#8221; custom_margin=&#8221;|||0px|false|false&#8221; custom_margin_tablet=&#8221;|||0px|false|false&#8221; custom_margin_phone=&#8221;|||0px|false|false&#8221; custom_margin_last_edited=&#8221;on|phone&#8221; custom_padding=&#8221;|10px||0px|false|false&#8221; border_radii=&#8221;on|10px|10px|10px|10px&#8221; box_shadow_style=&#8221;preset1&#8243; global_colors_info=&#8221;{}&#8221;][\/et_pb_image][\/et_pb_column][\/et_pb_row][et_pb_row _builder_version=&#8221;4.17.6&#8243; _module_preset=&#8221;default&#8221; global_colors_info=&#8221;{}&#8221;][et_pb_column type=&#8221;4_4&#8243; _builder_version=&#8221;4.17.6&#8243; _module_preset=&#8221;default&#8221; global_colors_info=&#8221;{}&#8221;][et_pb_text _builder_version=&#8221;4.18.0&#8243; _module_preset=&#8221;default&#8221; text_font=&#8221;RocknRoll One||||||||&#8221; text_text_color=&#8221;#000000&#8243; text_font_size=&#8221;19px&#8221; text_line_height=&#8221;1.3em&#8221; text_orientation=&#8221;center&#8221; global_colors_info=&#8221;{}&#8221;]<\/p>\n<p>En el dise\u00f1o de nuestras perreras se ha puesto gran cuidado y conocimiento experto para garantizar que se tengan en cuenta las necesidades especiales de los animales en un clima subtropical como el que experimentamos aqu\u00ed en la Costa del Sol, haciendo hincapi\u00e9 en la limpieza y el saneamiento.<br \/>Todas las perreras tienen una zona para dormir con sus camas y mantas, fuera del sol de verano y de las corrientes de aire de invierno, fuera de esta zona est\u00e1n sus corrales cubiertos individuales, todas las perreras tienen vistas a zonas ajardinadas, al campo o a las monta\u00f1as. Las perreras con calefacci\u00f3n est\u00e1n disponibles para los clientes que deseen este servicio adicional para sus perros, por un cargo adicional.<br \/>Nuestra intenci\u00f3n no era construir una \"prisi\u00f3n para perros\" como tantas perreras, donde los desafortunados perros s\u00f3lo pueden mirar hacia una pared de ladrillos.<br \/>NUNCA MEZCLAMOS PERROS DE DIFERENTES HOGARES, POR LO QUE ELIMINAMOS EL RIESGO DE PELEAS<\/p>\n<p>[\/et_pb_text][\/et_pb_column][\/et_pb_row][et_pb_row column_structure=\"1_3,1_3,1_3\u2033 _builder_version=\"4.18.0\u2033 _module_preset=\"default\" global_colors_info=\"{}\"][et_pb_column type=\"1_3\u2033 _builder_version=\"4.18.0\u2033 _module_preset=\"default\" global_colors_info=\"{}\"][et_pb_image src=\"https:\/\/catanddogworld.com\/wp-content\/uploads\/2022\/09\/Kennel-4-scaled.jpg\" title_text=\"Perrera-4\u2033 _builder_version=\"4.18.0\u2033 _module_preset=\"default\" custom_margin=\"|||0px|false|false\" custom_margin_tablet=\"|||0px|false|false\" custom_margin_phone=\"|||0px|false|false\" custom_margin_last_edited=\"on|phone\" custom_padding=\"|10px||0px|false|false\" border_radii=\"on|10px|10px|10px\" box_shadow_style=\"preset1\u2033 global_colors_info=\"{}\"][\/et_pb_image][\/et_pb_column][et_pb_column type=\"1_3\u2033 _builder_version=\"4.18.0\u2033 _module_preset=\"default\" global_colors_info=\"{}\"][et_pb_image src=\"https:\/\/catanddogworld.com\/wp-content\/uploads\/2022\/09\/Kennel-3-scaled.jpg\" title_text=\"Perrera-3\u2033 _builder_version=\"4.18.0\u2033 _module_preset=\"default\" custom_margin=\"|||0px|false|false\" custom_margin_tablet=\"|||0px|false|false\" custom_margin_phone=\"|||0px|false|false\" custom_margin_last_edited=\"on|phone\" custom_padding=\"|10px||0px|false|false\" border_radii=\"on|10px|10px|10px\" box_shadow_style=\"preset1\u2033 global_colors_info=\"{}\"][\/et_pb_image][et_pb_image src=\"https:\/\/catanddogworld.com\/wp-content\/uploads\/2022\/09\/nuestras-perreras-y-criaderos.jpg\" title_text=\"nuestra-perrera-y-criadero\" _builder_version=\"4.18.0\u2033 _module_preset=\"default\" custom_margin=\"|||0px|false|false\" custom_margin_tablet=\"|||0px|false|false\" custom_margin_phone=\"|||0px|false|false\" custom_margin_last_edited=\"on|phone\" custom_padding=\"|10px||0px|false|false\" border_radii=\"on|10px|10px|10px\" box_shadow_style=\"preset1\u2033 global_colors_info=\"{}\"][\/et_pb_image][\/et_pb_column][et_pb_column type=\"1_3\u2033 _builder_version=\"4.18.0\u2033 _module_preset=\"default\" global_colors_info=\"{}\"][et_pb_image src=\"https:\/\/catanddogworld.com\/wp-content\/uploads\/2022\/09\/Kennel-2-scaled.jpg\" title_text=\"Perrera-2\u2033 _builder_version=\"4.18.0\u2033 _module_preset=\"default\" custom_margin=\"|||0px|false|false\" custom_margin_tablet=\"|||0px|false|false\" custom_margin_phone=\"|||0px|false|false\" custom_margin_last_edited=\"on|phone\" custom_padding=\"|10px||0px|false|false\" border_radii=\"on|10px|10px|10px\" box_shadow_style=\"preset1\u2033 global_colors_info=\"{}\"][\/et_pb_image][\/et_pb_column][\/et_pb_row][et_pb_row _builder_version=\"4.17.6\u2033 _module_preset=\"default\" global_colors_info=\"{}\"][et_pb_column type=\"4_4\u2033 _builder_version=\"4.17.6\u2033 _module_preset=\"default\" global_colors_info=\"{}\"][et_pb_text _builder_version=\"4.18.0\u2033 _module_preset=\"default\" text_font=\"RocknRoll One||||||||\" text_text_color=\"#000000\u2033 text_font_size=\"19px\" text_line_height=\"1.3em\" text_orientation=\"center\" global_colors_info=\"{}\"]<\/p>\n<h2>En Cat and Dog World nos gusta dar a los perros una sensaci\u00f3n de libertad segura.<\/h2>\n<p>Disponemos de 7 zonas amplias y seguras para que los perros disfruten del ejercicio de correr libremente.<\/p>\n<p>[\/et_pb_text][et_pb_text _builder_version=\"4.18.0\u2033 _module_preset=\"default\" text_font=\"RocknRoll One||||||||\" text_text_color=\"#000000\u2033 text_font_size=\"19px\" text_line_height=\"1.3em\" text_orientation=\"center\" global_colors_info=\"{}\"]<\/p>\n<p>Los perros pueden ver a otros perros y observar a nuestro personal en su rutina diaria, que incluye mucho contacto humano e interacci\u00f3n con todos los animales, lo que promueve un entorno libre de estr\u00e9s y feliz para los animales y hace que sus \"vacaciones\" con nosotros sean agradables.<\/p>\n<p>[\/et_pb_text][et_pb_text _builder_version=\"4.18.0\u2033 _module_preset=\"default\" text_font=\"RocknRoll One||||||||\" text_text_color=\"#000000\u2033 text_font_size=\"19px\" text_line_height=\"1.3em\" text_orientation=\"center\" global_colors_info=\"{}\"]<\/p>\n<h2>Tambi\u00e9n tenemos licencia para cuidar otros animales dom\u00e9sticos como conejos, hurones y loros, etc.<\/h2>\n<p>[\/et_pb_text][\/et_pb_column][\/et_pb_row][et_pb_row column_structure=\"1_2,1_2\u2033 _builder_version=\"4.18.0\u2033 _module_preset=\"default\" global_colors_info=\"{}\"][et_pb_column type=\"1_2\u2033 _builder_version=\"4.18.0\u2033 _module_preset=\"default\" global_colors_info=\"{}\"][et_pb_image src=\"https:\/\/catanddogworld.com\/wp-content\/uploads\/2022\/09\/cat-and-dog-world-kennels-rabbit-scaled.jpg\" title_text=\"gato-y-perro-mundo-perreras-conejo\" align=\"center\" _builder_version=\"4.18.0\u2033 _module_preset=\"default\" max_height=\"384px\" global_colors_info=\"{}\"][\/et_pb_image][\/et_pb_column][et_pb_column type=\"1_2\u2033 _builder_version=\"4.18.0\u2033 _module_preset=\"default\" global_colors_info=\"{}\"][et_pb_image src=\"https:\/\/catanddogworld.com\/wp-content\/uploads\/2022\/09\/gato-y-perro-mundo-perreras-conejo-2-scaled.jpg\" title_text=\"gato-y-perro-mundo-perreras-conejo-2\u2033 _builder_version=\"4.18.0\u2033 _module_preset=\"default\" global_colors_info=\"{}\"][\/et_pb_image][\/et_pb_column][\/et_pb_row][\/et_pb_section]<\/p>","protected":false},"excerpt":{"rendered":"<p>Nuestras perreras de lujoPerreras climatizadas con 7 grandes \u00e1reas de ejercicio al aire libre en el campo de Alhaur\u00edn el Grande, Espa\u00f1aGran cuidado y conocimiento experto se ha puesto en el dise\u00f1o de nuestras perreras para asegurar que las necesidades especiales de los animales en un clima subtropical como el que experimentamos aqu\u00ed en la Costa Del Sol se toman [...]<\/p>","protected":false},"author":1,"featured_media":0,"parent":0,"menu_order":0,"comment_status":"closed","ping_status":"closed","template":"","meta":{"_et_pb_use_builder":"on","_et_pb_old_content":"<!-- wp:divi\/placeholder \/-->","_et_gb_content_width":"","footnotes":""},"class_list":["post-14","page","type-page","status-publish","hentry"],"yoast_head":"<!-- This site is optimized with the Yoast SEO plugin v26.1.1 - https:\/\/yoast.com\/wordpress\/plugins\/seo\/ -->\n<title>Cat &amp; Dog World - Luxury Kennels<\/title>\n<meta name=\"description\" content=\"Care and expert knowledge has gone into the design of our luxury kennels to ensure that the special needs of pets in a sub tropical climate here on the Costa Del Sol\" \/>\n<meta name=\"robots\" content=\"index, follow, max-snippet:-1, max-image-preview:large, max-video-preview:-1\" \/>\n<link rel=\"canonical\" href=\"https:\/\/catanddogworld.com\/es\/kennels\/\" \/>\n<meta property=\"og:locale\" content=\"es_ES\" \/>\n<meta property=\"og:type\" content=\"article\" \/>\n<meta property=\"og:title\" content=\"Cat &amp; Dog World - Luxury Kennels\" \/>\n<meta property=\"og:description\" content=\"Care and expert knowledge has gone into the design of our luxury kennels to ensure that the special needs of pets in a sub tropical climate here on the Costa Del Sol\" \/>\n<meta property=\"og:url\" content=\"https:\/\/catanddogworld.com\/es\/kennels\/\" \/>\n<meta property=\"og:site_name\" content=\"Cat &amp; Dog World\" \/>\n<meta property=\"article:modified_time\" content=\"2023-09-01T13:27:10+00:00\" \/>\n<meta name=\"twitter:card\" content=\"summary_large_image\" \/>\n<meta name=\"twitter:label1\" content=\"Tiempo de lectura\" \/>\n\t<meta name=\"twitter:data1\" content=\"3 minutos\" \/>\n<script type=\"application\/ld+json\" class=\"yoast-schema-graph\">{\"@context\":\"https:\/\/schema.org\",\"@graph\":[{\"@type\":\"WebPage\",\"@id\":\"https:\/\/catanddogworld.com\/kennels\/\",\"url\":\"https:\/\/catanddogworld.com\/kennels\/\",\"name\":\"Cat &amp; Dog World - Luxury Kennels\",\"isPartOf\":{\"@id\":\"https:\/\/catanddogworld.com\/#website\"},\"datePublished\":\"2022-09-06T15:23:29+00:00\",\"dateModified\":\"2023-09-01T13:27:10+00:00\",\"description\":\"Care and expert knowledge has gone into the design of our luxury kennels to ensure that the special needs of pets in a sub tropical climate here on the Costa Del Sol\",\"breadcrumb\":{\"@id\":\"https:\/\/catanddogworld.com\/kennels\/#breadcrumb\"},\"inLanguage\":\"es\",\"potentialAction\":[{\"@type\":\"ReadAction\",\"target\":[\"https:\/\/catanddogworld.com\/kennels\/\"]}]},{\"@type\":\"BreadcrumbList\",\"@id\":\"https:\/\/catanddogworld.com\/kennels\/#breadcrumb\",\"itemListElement\":[{\"@type\":\"ListItem\",\"position\":1,\"name\":\"Home\",\"item\":\"https:\/\/catanddogworld.com\/\"},{\"@type\":\"ListItem\",\"position\":2,\"name\":\"Kennels\"}]},{\"@type\":\"WebSite\",\"@id\":\"https:\/\/catanddogworld.com\/#website\",\"url\":\"https:\/\/catanddogworld.com\/\",\"name\":\"Cat &amp; Dog World\",\"description\":\"The Caring Touch\",\"potentialAction\":[{\"@type\":\"SearchAction\",\"target\":{\"@type\":\"EntryPoint\",\"urlTemplate\":\"https:\/\/catanddogworld.com\/?s={search_term_string}\"},\"query-input\":{\"@type\":\"PropertyValueSpecification\",\"valueRequired\":true,\"valueName\":\"search_term_string\"}}],\"inLanguage\":\"es\"}]}<\/script>\n<!-- \/ Yoast SEO plugin. -->","yoast_head_json":{"title":"Cat &amp; Dog World - Luxury Kennels","description":"Care and expert knowledge has gone into the design of our luxury kennels to ensure that the special needs of pets in a sub tropical climate here on the Costa Del Sol","robots":{"index":"index","follow":"follow","max-snippet":"max-snippet:-1","max-image-preview":"max-image-preview:large","max-video-preview":"max-video-preview:-1"},"canonical":"https:\/\/catanddogworld.com\/es\/kennels\/","og_locale":"es_ES","og_type":"article","og_title":"Cat &amp; Dog World - Luxury Kennels","og_description":"Care and expert knowledge has gone into the design of our luxury kennels to ensure that the special needs of pets in a sub tropical climate here on the Costa Del Sol","og_url":"https:\/\/catanddogworld.com\/es\/kennels\/","og_site_name":"Cat &amp; Dog World","article_modified_time":"2023-09-01T13:27:10+00:00","twitter_card":"summary_large_image","twitter_misc":{"Tiempo de lectura":"3 minutos"},"schema":{"@context":"https:\/\/schema.org","@graph":[{"@type":"WebPage","@id":"https:\/\/catanddogworld.com\/kennels\/","url":"https:\/\/catanddogworld.com\/kennels\/","name":"Cat &amp; Dog World - Luxury Kennels","isPartOf":{"@id":"https:\/\/catanddogworld.com\/#website"},"datePublished":"2022-09-06T15:23:29+00:00","dateModified":"2023-09-01T13:27:10+00:00","description":"Care and expert knowledge has gone into the design of our luxury kennels to ensure that the special needs of pets in a sub tropical climate here on the Costa Del Sol","breadcrumb":{"@id":"https:\/\/catanddogworld.com\/kennels\/#breadcrumb"},"inLanguage":"es","potentialAction":[{"@type":"ReadAction","target":["https:\/\/catanddogworld.com\/kennels\/"]}]},{"@type":"BreadcrumbList","@id":"https:\/\/catanddogworld.com\/kennels\/#breadcrumb","itemListElement":[{"@type":"ListItem","position":1,"name":"Home","item":"https:\/\/catanddogworld.com\/"},{"@type":"ListItem","position":2,"name":"Kennels"}]},{"@type":"WebSite","@id":"https:\/\/catanddogworld.com\/#website","url":"https:\/\/catanddogworld.com\/","name":"Cat &amp; Dog World","description":"The Caring Touch","potentialAction":[{"@type":"SearchAction","target":{"@type":"EntryPoint","urlTemplate":"https:\/\/catanddogworld.com\/?s={search_term_string}"},"query-input":{"@type":"PropertyValueSpecification","valueRequired":true,"valueName":"search_term_string"}}],"inLanguage":"es"}]}},"_links":{"self":[{"href":"https:\/\/catanddogworld.com\/es\/wp-json\/wp\/v2\/pages\/14","targetHints":{"allow":["GET"]}}],"collection":[{"href":"https:\/\/catanddogworld.com\/es\/wp-json\/wp\/v2\/pages"}],"about":[{"href":"https:\/\/catanddogworld.com\/es\/wp-json\/wp\/v2\/types\/page"}],"author":[{"embeddable":true,"href":"https:\/\/catanddogworld.com\/es\/wp-json\/wp\/v2\/users\/1"}],"replies":[{"embeddable":true,"href":"https:\/\/catanddogworld.com\/es\/wp-json\/wp\/v2\/comments?post=14"}],"version-history":[{"count":4,"href":"https:\/\/catanddogworld.com\/es\/wp-json\/wp\/v2\/pages\/14\/revisions"}],"predecessor-version":[{"id":231305,"href":"https:\/\/catanddogworld.com\/es\/wp-json\/wp\/v2\/pages\/14\/revisions\/231305"}],"wp:attachment":[{"href":"https:\/\/catanddogworld.com\/es\/wp-json\/wp\/v2\/media?parent=14"}],"curies":[{"name":"wp","href":"https:\/\/api.w.org\/{rel}","templated":true}]}}