{"id":16,"date":"2022-09-06T15:23:42","date_gmt":"2022-09-06T15:23:42","guid":{"rendered":"https:\/\/matthewm203.sg-host.com\/?page_id=16"},"modified":"2023-04-11T17:37:07","modified_gmt":"2023-04-11T17:37:07","slug":"cattery","status":"publish","type":"page","link":"https:\/\/catanddogworld.com\/es\/cattery\/","title":{"rendered":"Gatos"},"content":{"rendered":"<p>[et_pb_section fb_built=&#8221;1&#8243; _builder_version=&#8221;4.17.6&#8243; _module_preset=&#8221;default&#8221; background_color=&#8221;rgba(255,255,255,0.79)&#8221; background_image=&#8221;https:\/\/catanddogworld.com\/wp-content\/uploads\/2022\/09\/pink-paws1.png&#8221; parallax=&#8221;on&#8221; parallax_method=&#8221;off&#8221; background_image_phone=&#8221;https:\/\/catanddogworld.com\/wp-content\/uploads\/2022\/09\/Artboard-1.png&#8221; background_enable_image_phone=&#8221;on&#8221; background_size_phone=&#8221;contain&#8221; background_repeat_phone=&#8221;repeat&#8221; locked=&#8221;off&#8221; global_colors_info=&#8221;{}&#8221;][et_pb_row custom_padding_last_edited=&#8221;on|phone&#8221; _builder_version=&#8221;4.18.0&#8243; _module_preset=&#8221;default&#8221; custom_padding=&#8221;70px||||false|false&#8221; custom_padding_tablet=&#8221;70px||||false|false&#8221; custom_padding_phone=&#8221;10px||||false|false&#8221; global_colors_info=&#8221;{}&#8221;][et_pb_column type=&#8221;4_4&#8243; _builder_version=&#8221;4.17.6&#8243; _module_preset=&#8221;default&#8221; global_colors_info=&#8221;{}&#8221;][et_pb_text _builder_version=&#8221;4.17.6&#8243; _module_preset=&#8221;default&#8221; header_2_font=&#8221;RocknRoll One||||||||&#8221; header_2_text_color=&#8221;#2c2b4c&#8221; header_2_font_size=&#8221;40px&#8221; header_2_line_height=&#8221;1.2em&#8221; text_orientation=&#8221;center&#8221; custom_margin=&#8221;||||false|false&#8221; header_2_font_size_tablet=&#8221;32px&#8221; header_2_font_size_phone=&#8221;30px&#8221; header_2_font_size_last_edited=&#8221;on|desktop&#8221; header_2_line_height_tablet=&#8221;1.2em&#8221; header_2_line_height_phone=&#8221;1.4em&#8221; header_2_line_height_last_edited=&#8221;on|phone&#8221; z_index_tablet=&#8221;&#8221; z_index_phone=&#8221;-2&#8243; z_index_last_edited=&#8221;on|phone&#8221; global_colors_info=&#8221;{}&#8221;]<\/p>\n<h2>Nuestro criadero de lujo<\/h2>\n<p>[\/et_pb_text][\/et_pb_column][\/et_pb_row][et_pb_row _builder_version=&#8221;4.17.6&#8243; _module_preset=&#8221;default&#8221; global_colors_info=&#8221;{}&#8221;][et_pb_column type=&#8221;4_4&#8243; _builder_version=&#8221;4.17.6&#8243; _module_preset=&#8221;default&#8221; global_colors_info=&#8221;{}&#8221;][et_pb_text _builder_version=&#8221;4.20.0&#8243; _module_preset=&#8221;default&#8221; header_2_font=&#8221;RocknRoll One||||||||&#8221; header_2_text_align=&#8221;center&#8221; header_2_font_size=&#8221;21px&#8221; header_2_line_height=&#8221;1.3em&#8221; hover_enabled=&#8221;0&#8243; global_colors_info=&#8221;{}&#8221; sticky_enabled=&#8221;0&#8243; header_font=&#8221;RocknRoll One||||||||&#8221; header_text_align=&#8221;center&#8221; header_line_height=&#8221;1.2em&#8221;]<\/p>\n<h1>Criadero dise\u00f1ado y construido en el Reino Unido con aire acondicionado en el campo de Alhaur\u00edn el Grande, Espa\u00f1a.<\/h1>\n<p>[\/et_pb_text][\/et_pb_column][\/et_pb_row][et_pb_row column_structure=&#8221;2_5,3_5&#8243; _builder_version=&#8221;4.18.0&#8243; _module_preset=&#8221;default&#8221; global_colors_info=&#8221;{}&#8221;][et_pb_column type=&#8221;2_5&#8243; _builder_version=&#8221;4.18.0&#8243; _module_preset=&#8221;default&#8221; global_colors_info=&#8221;{}&#8221;][et_pb_image src=&#8221;https:\/\/catanddogworld.com\/wp-content\/uploads\/2022\/09\/cat-and-dog-world-cattery-1-scaled.jpg&#8221; title_text=&#8221;cat-and-dog-world-cattery-1&#8243; _builder_version=&#8221;4.18.0&#8243; _module_preset=&#8221;default&#8221; border_radii=&#8221;on|5px|5px|5px|5px&#8221; box_shadow_style=&#8221;preset1&#8243; global_colors_info=&#8221;{}&#8221;][\/et_pb_image][\/et_pb_column][et_pb_column type=&#8221;3_5&#8243; _builder_version=&#8221;4.18.0&#8243; _module_preset=&#8221;default&#8221; global_colors_info=&#8221;{}&#8221;][et_pb_text _builder_version=&#8221;4.18.0&#8243; _module_preset=&#8221;default&#8221; text_font=&#8221;RocknRoll One||||||||&#8221; text_text_color=&#8221;#000000&#8243; text_font_size=&#8221;20px&#8221; text_orientation=&#8221;center&#8221; custom_margin=&#8221;50px||||false|false&#8221; hover_enabled=&#8221;0&#8243; global_colors_info=&#8221;{}&#8221; sticky_enabled=&#8221;0&#8243;]<\/p>\n<p>Nuestra gatera fue dise\u00f1ada por nosotros y construida en el Reino Unido y transportada aqu\u00ed a Cat and Dog World, est\u00e1 situada lejos de la zona de la perrera para que sea un lugar tranquilo y seguro en el que los gatos se sientan relajados.<\/p>\n<p>Todos los gatos se alojan en chalets individuales. Nunca mezclamos gatos de diferentes hogares.<\/p>\n<p>[\/et_pb_text][\/et_pb_column][\/et_pb_row][et_pb_row column_structure=&#8221;3_5,2_5&#8243; _builder_version=&#8221;4.18.0&#8243; _module_preset=&#8221;default&#8221; global_colors_info=&#8221;{}&#8221;][et_pb_column type=&#8221;3_5&#8243; _builder_version=&#8221;4.18.0&#8243; _module_preset=&#8221;default&#8221; global_colors_info=&#8221;{}&#8221;][et_pb_text _builder_version=&#8221;4.18.0&#8243; _module_preset=&#8221;default&#8221; text_font=&#8221;RocknRoll One||||||||&#8221; text_text_color=&#8221;#000000&#8243; text_font_size=&#8221;20px&#8221; text_orientation=&#8221;center&#8221; custom_margin=&#8221;50px||||false|false&#8221; global_colors_info=&#8221;{}&#8221;]<\/p>\n<p>Los chalets tienen una zona elevada para dormir donde tienen sus camas, comida y agua, fuera de esto hay una escalera que baja a su propio y espacioso corral con una silla para una siesta diurna.<\/p>\n<p>Aunque los gatos pueden verse entre s\u00ed, todos los chalets est\u00e1n divididos por una barrera contra los estornudos.<br \/>Los clientes son bienvenidos a traer los juguetes de sus gatos, sin embargo, no ponemos nuestras propias estructuras de escalada, etc. con los gatos, como hacen otros criaderos, ya que es imposible esterilizarlos para eliminar la posibilidad de infecci\u00f3n cruzada entre los internos.<\/p>\n<p>[\/et_pb_text][\/et_pb_column][et_pb_column type=&#8221;2_5&#8243; _builder_version=&#8221;4.18.0&#8243; _module_preset=&#8221;default&#8221; global_colors_info=&#8221;{}&#8221;][et_pb_image src=&#8221;https:\/\/catanddogworld.com\/wp-content\/uploads\/2022\/09\/cat-and-dog-world-cattery-3.jpg&#8221; title_text=&#8221;cat-and-dog-world-cattery-3&#8243; _builder_version=&#8221;4.18.0&#8243; _module_preset=&#8221;default&#8221; border_radii=&#8221;on|5px|5px|5px|5px&#8221; box_shadow_style=&#8221;preset1&#8243; global_colors_info=&#8221;{}&#8221;][\/et_pb_image][\/et_pb_column][\/et_pb_row][et_pb_row column_structure=&#8221;1_3,2_3&#8243; _builder_version=&#8221;4.18.0&#8243; _module_preset=&#8221;default&#8221; global_colors_info=&#8221;{}&#8221;][et_pb_column type=&#8221;1_3&#8243; _builder_version=&#8221;4.18.0&#8243; _module_preset=&#8221;default&#8221; global_colors_info=&#8221;{}&#8221;][et_pb_image src=&#8221;https:\/\/catanddogworld.com\/wp-content\/uploads\/2022\/09\/cat-and-dog-world-cattery-2.jpg&#8221; title_text=&#8221;cat-and-dog-world-cattery-2&#8243; _builder_version=&#8221;4.18.0&#8243; _module_preset=&#8221;default&#8221; border_radii=&#8221;on|5px|5px|5px|5px&#8221; box_shadow_style=&#8221;preset1&#8243; global_colors_info=&#8221;{}&#8221;][\/et_pb_image][\/et_pb_column][et_pb_column type=&#8221;2_3&#8243; _builder_version=&#8221;4.18.0&#8243; _module_preset=&#8221;default&#8221; global_colors_info=&#8221;{}&#8221;][et_pb_text _builder_version=&#8221;4.17.6&#8243; _module_preset=&#8221;default&#8221; header_2_font=&#8221;RocknRoll One||||||||&#8221; header_2_text_align=&#8221;center&#8221; header_2_font_size=&#8221;20px&#8221; header_2_line_height=&#8221;1.3em&#8221; global_colors_info=&#8221;{}&#8221;]<\/p>\n<h2>El criadero cuenta con aire acondicionado para mantener a su gato c\u00f3modo durante el tiempo caluroso.<\/h2>\n<h2>Hay chalets con calefacci\u00f3n disponibles para los clientes que deseen esta instalaci\u00f3n adicional para sus gatos, por un cargo adicional.<\/h2>\n<p>[\/et_pb_text][\/et_pb_column][\/et_pb_row][et_pb_row column_structure=&#8221;1_3,1_3,1_3&#8243; _builder_version=&#8221;4.18.0&#8243; _module_preset=&#8221;default&#8221; global_colors_info=&#8221;{}&#8221;][et_pb_column type=&#8221;1_3&#8243; _builder_version=&#8221;4.18.0&#8243; _module_preset=&#8221;default&#8221; global_colors_info=&#8221;{}&#8221;][et_pb_image src=&#8221;https:\/\/catanddogworld.com\/wp-content\/uploads\/2022\/09\/cat-and-dog-world-cattery-4-rotated.jpg&#8221; title_text=&#8221;cat-and-dog-world-cattery-4&#8243; _builder_version=&#8221;4.18.0&#8243; _module_preset=&#8221;default&#8221; border_radii=&#8221;on|5px|5px|5px|5px&#8221; box_shadow_style=&#8221;preset1&#8243; global_colors_info=&#8221;{}&#8221;][\/et_pb_image][\/et_pb_column][et_pb_column type=&#8221;1_3&#8243; _builder_version=&#8221;4.18.0&#8243; _module_preset=&#8221;default&#8221; global_colors_info=&#8221;{}&#8221;][et_pb_image src=&#8221;https:\/\/catanddogworld.com\/wp-content\/uploads\/2022\/09\/cat-and-dog-world-cattery-6-scaled.jpg&#8221; title_text=&#8221;cat-and-dog-world-cattery-6&#8243; _builder_version=&#8221;4.18.0&#8243; _module_preset=&#8221;default&#8221; border_radii=&#8221;on|5px|5px|5px|5px&#8221; box_shadow_style=&#8221;preset1&#8243; global_colors_info=&#8221;{}&#8221;][\/et_pb_image][et_pb_image src=&#8221;https:\/\/catanddogworld.com\/wp-content\/uploads\/2022\/09\/cat-and-dog-world-cattery-8.jpg&#8221; title_text=&#8221;cat-and-dog-world-cattery-8&#8243; _builder_version=&#8221;4.18.0&#8243; _module_preset=&#8221;default&#8221; border_radii=&#8221;on|5px|5px|5px|5px&#8221; box_shadow_style=&#8221;preset1&#8243; global_colors_info=&#8221;{}&#8221;][\/et_pb_image][et_pb_image src=&#8221;https:\/\/catanddogworld.com\/wp-content\/uploads\/2022\/09\/cat-and-dog-world-cattery-9-scaled.jpg&#8221; title_text=&#8221;cat-and-dog-world-cattery-9&#8243; _builder_version=&#8221;4.18.0&#8243; _module_preset=&#8221;default&#8221; border_radii=&#8221;on|5px|5px|5px|5px&#8221; box_shadow_style=&#8221;preset1&#8243; global_colors_info=&#8221;{}&#8221;][\/et_pb_image][\/et_pb_column][et_pb_column type=&#8221;1_3&#8243; _builder_version=&#8221;4.18.0&#8243; _module_preset=&#8221;default&#8221; global_colors_info=&#8221;{}&#8221;][et_pb_image src=&#8221;https:\/\/catanddogworld.com\/wp-content\/uploads\/2022\/09\/cat-and-dog-world-cattery-7-scaled.jpg&#8221; title_text=&#8221;cat-and-dog-world-cattery-7&#8243; _builder_version=&#8221;4.18.0&#8243; _module_preset=&#8221;default&#8221; border_radii=&#8221;on|5px|5px|5px|5px&#8221; box_shadow_style=&#8221;preset1&#8243; global_colors_info=&#8221;{}&#8221;][\/et_pb_image][\/et_pb_column][\/et_pb_row][\/et_pb_section]<\/p>","protected":false},"excerpt":{"rendered":"<p>Our Luxury CatteryUK designed and built air conditioned cattery in the countryside of Alhaurin el Grande, Spain.Our cattery was designed by us and built in the UK and transported here to Cat and Dog World, it is situated away from the kennel area so as to be a quiet, secure place for the cats to [&hellip;]<\/p>","protected":false},"author":1,"featured_media":0,"parent":0,"menu_order":0,"comment_status":"closed","ping_status":"closed","template":"","meta":{"_et_pb_use_builder":"on","_et_pb_old_content":"<!-- wp:divi\/placeholder \/-->","_et_gb_content_width":"","footnotes":""},"class_list":["post-16","page","type-page","status-publish","hentry"],"yoast_head":"<!-- This site is optimized with the Yoast SEO plugin v26.1.1 - https:\/\/yoast.com\/wordpress\/plugins\/seo\/ -->\n<title>Cat &amp; Dog World - Luxury Cattery<\/title>\n<meta name=\"description\" content=\"Luxury air conditioned cattery in the countryside of Alhaurin el Grande, Spain. All cats are housed in individual chalets. We never mix cats from different homes.\" \/>\n<meta name=\"robots\" content=\"index, follow, max-snippet:-1, max-image-preview:large, max-video-preview:-1\" \/>\n<link rel=\"canonical\" href=\"https:\/\/catanddogworld.com\/es\/cattery\/\" \/>\n<meta property=\"og:locale\" content=\"es_ES\" \/>\n<meta property=\"og:type\" content=\"article\" \/>\n<meta property=\"og:title\" content=\"Cat &amp; Dog World - Luxury Cattery\" \/>\n<meta property=\"og:description\" content=\"Luxury air conditioned cattery in the countryside of Alhaurin el Grande, Spain. All cats are housed in individual chalets. We never mix cats from different homes.\" \/>\n<meta property=\"og:url\" content=\"https:\/\/catanddogworld.com\/es\/cattery\/\" \/>\n<meta property=\"og:site_name\" content=\"Cat &amp; Dog World\" \/>\n<meta property=\"article:modified_time\" content=\"2023-04-11T17:37:07+00:00\" \/>\n<meta name=\"twitter:card\" content=\"summary_large_image\" \/>\n<meta name=\"twitter:label1\" content=\"Tiempo de lectura\" \/>\n\t<meta name=\"twitter:data1\" content=\"2 minutos\" \/>\n<script type=\"application\/ld+json\" class=\"yoast-schema-graph\">{\"@context\":\"https:\/\/schema.org\",\"@graph\":[{\"@type\":\"WebPage\",\"@id\":\"https:\/\/catanddogworld.com\/cattery\/\",\"url\":\"https:\/\/catanddogworld.com\/cattery\/\",\"name\":\"Cat &amp; Dog World - Luxury Cattery\",\"isPartOf\":{\"@id\":\"https:\/\/catanddogworld.com\/#website\"},\"datePublished\":\"2022-09-06T15:23:42+00:00\",\"dateModified\":\"2023-04-11T17:37:07+00:00\",\"description\":\"Luxury air conditioned cattery in the countryside of Alhaurin el Grande, Spain. All cats are housed in individual chalets. We never mix cats from different homes.\",\"breadcrumb\":{\"@id\":\"https:\/\/catanddogworld.com\/cattery\/#breadcrumb\"},\"inLanguage\":\"es\",\"potentialAction\":[{\"@type\":\"ReadAction\",\"target\":[\"https:\/\/catanddogworld.com\/cattery\/\"]}]},{\"@type\":\"BreadcrumbList\",\"@id\":\"https:\/\/catanddogworld.com\/cattery\/#breadcrumb\",\"itemListElement\":[{\"@type\":\"ListItem\",\"position\":1,\"name\":\"Home\",\"item\":\"https:\/\/catanddogworld.com\/\"},{\"@type\":\"ListItem\",\"position\":2,\"name\":\"Cattery\"}]},{\"@type\":\"WebSite\",\"@id\":\"https:\/\/catanddogworld.com\/#website\",\"url\":\"https:\/\/catanddogworld.com\/\",\"name\":\"Cat &amp; Dog World\",\"description\":\"The Caring Touch\",\"potentialAction\":[{\"@type\":\"SearchAction\",\"target\":{\"@type\":\"EntryPoint\",\"urlTemplate\":\"https:\/\/catanddogworld.com\/?s={search_term_string}\"},\"query-input\":{\"@type\":\"PropertyValueSpecification\",\"valueRequired\":true,\"valueName\":\"search_term_string\"}}],\"inLanguage\":\"es\"}]}<\/script>\n<!-- \/ Yoast SEO plugin. -->","yoast_head_json":{"title":"Cat &amp; Dog World - Luxury Cattery","description":"Luxury air conditioned cattery in the countryside of Alhaurin el Grande, Spain. All cats are housed in individual chalets. We never mix cats from different homes.","robots":{"index":"index","follow":"follow","max-snippet":"max-snippet:-1","max-image-preview":"max-image-preview:large","max-video-preview":"max-video-preview:-1"},"canonical":"https:\/\/catanddogworld.com\/es\/cattery\/","og_locale":"es_ES","og_type":"article","og_title":"Cat &amp; Dog World - Luxury Cattery","og_description":"Luxury air conditioned cattery in the countryside of Alhaurin el Grande, Spain. All cats are housed in individual chalets. We never mix cats from different homes.","og_url":"https:\/\/catanddogworld.com\/es\/cattery\/","og_site_name":"Cat &amp; Dog World","article_modified_time":"2023-04-11T17:37:07+00:00","twitter_card":"summary_large_image","twitter_misc":{"Tiempo de lectura":"2 minutos"},"schema":{"@context":"https:\/\/schema.org","@graph":[{"@type":"WebPage","@id":"https:\/\/catanddogworld.com\/cattery\/","url":"https:\/\/catanddogworld.com\/cattery\/","name":"Cat &amp; Dog World - Luxury Cattery","isPartOf":{"@id":"https:\/\/catanddogworld.com\/#website"},"datePublished":"2022-09-06T15:23:42+00:00","dateModified":"2023-04-11T17:37:07+00:00","description":"Luxury air conditioned cattery in the countryside of Alhaurin el Grande, Spain. All cats are housed in individual chalets. We never mix cats from different homes.","breadcrumb":{"@id":"https:\/\/catanddogworld.com\/cattery\/#breadcrumb"},"inLanguage":"es","potentialAction":[{"@type":"ReadAction","target":["https:\/\/catanddogworld.com\/cattery\/"]}]},{"@type":"BreadcrumbList","@id":"https:\/\/catanddogworld.com\/cattery\/#breadcrumb","itemListElement":[{"@type":"ListItem","position":1,"name":"Home","item":"https:\/\/catanddogworld.com\/"},{"@type":"ListItem","position":2,"name":"Cattery"}]},{"@type":"WebSite","@id":"https:\/\/catanddogworld.com\/#website","url":"https:\/\/catanddogworld.com\/","name":"Cat &amp; Dog World","description":"The Caring Touch","potentialAction":[{"@type":"SearchAction","target":{"@type":"EntryPoint","urlTemplate":"https:\/\/catanddogworld.com\/?s={search_term_string}"},"query-input":{"@type":"PropertyValueSpecification","valueRequired":true,"valueName":"search_term_string"}}],"inLanguage":"es"}]}},"_links":{"self":[{"href":"https:\/\/catanddogworld.com\/es\/wp-json\/wp\/v2\/pages\/16","targetHints":{"allow":["GET"]}}],"collection":[{"href":"https:\/\/catanddogworld.com\/es\/wp-json\/wp\/v2\/pages"}],"about":[{"href":"https:\/\/catanddogworld.com\/es\/wp-json\/wp\/v2\/types\/page"}],"author":[{"embeddable":true,"href":"https:\/\/catanddogworld.com\/es\/wp-json\/wp\/v2\/users\/1"}],"replies":[{"embeddable":true,"href":"https:\/\/catanddogworld.com\/es\/wp-json\/wp\/v2\/comments?post=16"}],"version-history":[{"count":1,"href":"https:\/\/catanddogworld.com\/es\/wp-json\/wp\/v2\/pages\/16\/revisions"}],"predecessor-version":[{"id":231290,"href":"https:\/\/catanddogworld.com\/es\/wp-json\/wp\/v2\/pages\/16\/revisions\/231290"}],"wp:attachment":[{"href":"https:\/\/catanddogworld.com\/es\/wp-json\/wp\/v2\/media?parent=16"}],"curies":[{"name":"wp","href":"https:\/\/api.w.org\/{rel}","templated":true}]}}