{"id":190,"date":"2022-09-15T16:16:13","date_gmt":"2022-09-15T16:16:13","guid":{"rendered":"https:\/\/matthewm203.sg-host.com\/?page_id=190"},"modified":"2023-04-11T17:40:16","modified_gmt":"2023-04-11T17:40:16","slug":"transport","status":"publish","type":"page","link":"https:\/\/catanddogworld.com\/es\/transport\/","title":{"rendered":"Transporte"},"content":{"rendered":"<p>[et_pb_section fb_built=&#8221;1&#8243; _builder_version=&#8221;4.18.0&#8243; _module_preset=&#8221;default&#8221; background_color=&#8221;rgba(255,255,255,0.79)&#8221; background_image=&#8221;https:\/\/catanddogworld.com\/wp-content\/uploads\/2022\/09\/pink-paws1.png&#8221; parallax=&#8221;on&#8221; parallax_method=&#8221;off&#8221; background_image_phone=&#8221;https:\/\/catanddogworld.com\/wp-content\/uploads\/2022\/09\/Artboard-1.png&#8221; background_enable_image_phone=&#8221;on&#8221; background_size_phone=&#8221;contain&#8221; background_repeat_phone=&#8221;repeat&#8221; locked=&#8221;off&#8221; global_colors_info=&#8221;{}&#8221;][et_pb_row custom_padding_last_edited=&#8221;on|phone&#8221; _builder_version=&#8221;4.18.0&#8243; _module_preset=&#8221;default&#8221; custom_padding=&#8221;70px||||false|false&#8221; custom_padding_tablet=&#8221;70px||||false|false&#8221; custom_padding_phone=&#8221;10px||||false|false&#8221; global_colors_info=&#8221;{}&#8221;][et_pb_column type=&#8221;4_4&#8243; _builder_version=&#8221;4.17.6&#8243; _module_preset=&#8221;default&#8221; global_colors_info=&#8221;{}&#8221;][et_pb_text _builder_version=&#8221;4.20.0&#8243; _module_preset=&#8221;default&#8221; header_2_font=&#8221;RocknRoll One||||||||&#8221; header_2_font_size=&#8221;21px&#8221; header_2_line_height=&#8221;1.3em&#8221; text_orientation=&#8221;center&#8221; custom_margin=&#8221;||||false|false&#8221; hover_enabled=&#8221;0&#8243; z_index_tablet=&#8221;&#8221; z_index_phone=&#8221;-2&#8243; z_index_last_edited=&#8221;on|phone&#8221; global_colors_info=&#8221;{}&#8221; header_font=&#8221;RocknRoll One||||||||&#8221; header_text_align=&#8221;center&#8221; header_line_height=&#8221;1.2em&#8221; header_2_text_align=&#8221;center&#8221; sticky_enabled=&#8221;0&#8243;]<\/p>\n<h1>Transporte de mascotas con licencia<\/h1>\n<p>[\/et_pb_text][\/et_pb_column][\/et_pb_row][et_pb_row _builder_version=&#8221;4.17.6&#8243; _module_preset=&#8221;default&#8221; global_colors_info=&#8221;{}&#8221;][et_pb_column type=&#8221;4_4&#8243; _builder_version=&#8221;4.17.6&#8243; _module_preset=&#8221;default&#8221; global_colors_info=&#8221;{}&#8221;][et_pb_text _builder_version=&#8221;4.17.6&#8243; _module_preset=&#8221;default&#8221; header_line_height=&#8221;1.1em&#8221; header_2_font=&#8221;RocknRoll One||||||||&#8221; header_2_text_align=&#8221;center&#8221; header_2_font_size=&#8221;21px&#8221; header_2_line_height=&#8221;1.5em&#8221; global_colors_info=&#8221;{}&#8221;]<\/p>\n<h2>Cat and Dog World se especializa en ocuparse de todos los aspectos de los viajes de las mascotas.<\/h2>\n<h2>Somos conscientes de que la exportaci\u00f3n de su gato o perro puede ser una experiencia muy preocupante y confusa, ya que la normativa de importaci\u00f3n es muy estricta, especialmente para la entrada en el Reino Unido.<\/h2>\n<p>[\/et_pb_text][\/et_pb_column][\/et_pb_row][et_pb_row _builder_version=&#8221;4.17.6&#8243; _module_preset=&#8221;default&#8221; global_colors_info=&#8221;{}&#8221;][et_pb_column type=&#8221;4_4&#8243; _builder_version=&#8221;4.17.6&#8243; _module_preset=&#8221;default&#8221; global_colors_info=&#8221;{}&#8221;][et_pb_image src=&#8221;https:\/\/catanddogworld.com\/wp-content\/uploads\/2022\/09\/Cat-and-Dog-Van-1024&#215;768-Cropped.jpg&#8221; title_text=&#8221;Cat-and-Dog-Van-1024&#215;768 Cropped&#8221; align=&#8221;center&#8221; _builder_version=&#8221;4.17.6&#8243; _module_preset=&#8221;default&#8221; max_width=&#8221;49%&#8221; border_radii=&#8221;on|10px|10px|10px|10px&#8221; box_shadow_style=&#8221;preset1&#8243; global_colors_info=&#8221;{}&#8221;][\/et_pb_image][et_pb_text _builder_version=&#8221;4.18.0&#8243; _module_preset=&#8221;default&#8221; text_font=&#8221;RocknRoll One||||||||&#8221; text_text_color=&#8221;#000000&#8243; text_font_size=&#8221;19px&#8221; text_line_height=&#8221;1.3em&#8221; text_orientation=&#8221;center&#8221; global_colors_info=&#8221;{}&#8221;]<\/p>\n<p>Cat and Dog World se especializa en todos los arreglos, incluyendo el microchip, la vacunaci\u00f3n contra la rabia, el chequeo veterinario previo al viaje y est\u00e1n autorizados a preparar toda la documentaci\u00f3n para cumplir con las regulaciones de DEFRA y OCA.<\/p>\n<p>[\/et_pb_text][\/et_pb_column][\/et_pb_row][et_pb_row column_structure=&#8221;1_3,1_3,1_3&#8243; _builder_version=&#8221;4.18.0&#8243; _module_preset=&#8221;default&#8221; global_colors_info=&#8221;{}&#8221;][et_pb_column type=&#8221;1_3&#8243; _builder_version=&#8221;4.18.0&#8243; _module_preset=&#8221;default&#8221; global_colors_info=&#8221;{}&#8221;][et_pb_image src=&#8221;https:\/\/catanddogworld.com\/wp-content\/uploads\/2022\/09\/cat-and-dog-world-transport-6-scaled.jpg&#8221; title_text=&#8221;cat-and-dog-world-transport-6&#8243; show_in_lightbox=&#8221;on&#8221; _builder_version=&#8221;4.18.0&#8243; _module_preset=&#8221;default&#8221; width=&#8221;85%&#8221; border_radii=&#8221;on|10px|10px|10px|10px&#8221; box_shadow_style=&#8221;preset1&#8243; global_colors_info=&#8221;{}&#8221;][\/et_pb_image][\/et_pb_column][et_pb_column type=&#8221;1_3&#8243; _builder_version=&#8221;4.18.0&#8243; _module_preset=&#8221;default&#8221; global_colors_info=&#8221;{}&#8221;][et_pb_image src=&#8221;https:\/\/catanddogworld.com\/wp-content\/uploads\/2022\/09\/cat-and-dog-world-transport-2-scaled-1.webp&#8221; title_text=&#8221;cat-and-dog-world-transport-2-scaled-1&#8243; show_in_lightbox=&#8221;on&#8221; _builder_version=&#8221;4.18.0&#8243; _module_preset=&#8221;default&#8221; width=&#8221;85%&#8221; border_radii=&#8221;on|10px|10px|10px|10px&#8221; box_shadow_style=&#8221;preset1&#8243; global_colors_info=&#8221;{}&#8221;][\/et_pb_image][\/et_pb_column][et_pb_column type=&#8221;1_3&#8243; _builder_version=&#8221;4.18.0&#8243; _module_preset=&#8221;default&#8221; global_colors_info=&#8221;{}&#8221;][et_pb_image src=&#8221;https:\/\/catanddogworld.com\/wp-content\/uploads\/2022\/09\/cat-and-dog-world-transport-3-1-scaled-1.webp&#8221; title_text=&#8221;cat-and-dog-world-transport-3-1-scaled-1&#8243; show_in_lightbox=&#8221;on&#8221; _builder_version=&#8221;4.18.0&#8243; _module_preset=&#8221;default&#8221; width=&#8221;85%&#8221; border_radii=&#8221;on|10px|10px|10px|10px&#8221; box_shadow_style=&#8221;preset1&#8243; global_colors_info=&#8221;{}&#8221;][\/et_pb_image][\/et_pb_column][\/et_pb_row][et_pb_row _builder_version=&#8221;4.17.6&#8243; _module_preset=&#8221;default&#8221; global_colors_info=&#8221;{}&#8221;][et_pb_column type=&#8221;4_4&#8243; _builder_version=&#8221;4.17.6&#8243; _module_preset=&#8221;default&#8221; global_colors_info=&#8221;{}&#8221;][et_pb_text _builder_version=&#8221;4.18.0&#8243; _module_preset=&#8221;default&#8221; text_font=&#8221;RocknRoll One||||||||&#8221; text_text_color=&#8221;#000000&#8243; text_font_size=&#8221;19px&#8221; text_line_height=&#8221;1.3em&#8221; text_orientation=&#8221;center&#8221; global_colors_info=&#8221;{}&#8221;]<\/p>\n<p>Podemos cuidar de su mascota a largo o corto plazo en nuestro criadero o perrera antes del viaje y organizar el transporte en nuestro propio veh\u00edculo con licencia y aire acondicionado. Su mascota estar\u00e1 acompa\u00f1ada por nosotros personalmente durante todo el viaje. Los perros reciben descansos regulares para hacer ejercicio y los gatos viajan en un alojamiento espacioso con cama, comida, agua y bandeja sanitaria.<\/p>\n<p>[\/et_pb_text][et_pb_text _builder_version=&#8221;4.17.6&#8243; _module_preset=&#8221;default&#8221; header_2_font=&#8221;RocknRoll One||||||||&#8221; header_2_text_align=&#8221;center&#8221; header_2_text_color=&#8221;#000000&#8243; header_2_font_size=&#8221;19px&#8221; header_2_line_height=&#8221;1.3em&#8221; global_colors_info=&#8221;{}&#8221;]<\/p>\n<h2>En Cat and Dog World hacemos todo lo posible para que su mascota llegue a usted sana, salva y feliz.<\/h2>\n<p>[\/et_pb_text][\/et_pb_column][\/et_pb_row][et_pb_row column_structure=&#8221;1_2,1_2&#8243; _builder_version=&#8221;4.18.0&#8243; _module_preset=&#8221;default&#8221; global_colors_info=&#8221;{}&#8221;][et_pb_column type=&#8221;1_2&#8243; _builder_version=&#8221;4.18.0&#8243; _module_preset=&#8221;default&#8221; global_colors_info=&#8221;{}&#8221;][et_pb_image src=&#8221;https:\/\/catanddogworld.com\/wp-content\/uploads\/2022\/09\/cat-and-dog-world-transport-1-scaled-1.webp&#8221; title_text=&#8221;cat-and-dog-world-transport-1-scaled-1&#8243; show_in_lightbox=&#8221;on&#8221; align=&#8221;center&#8221; _builder_version=&#8221;4.18.0&#8243; _module_preset=&#8221;default&#8221; width=&#8221;63%&#8221; border_radii=&#8221;on|10px|10px|10px|10px&#8221; box_shadow_style=&#8221;preset1&#8243; global_colors_info=&#8221;{}&#8221;][\/et_pb_image][\/et_pb_column][et_pb_column type=&#8221;1_2&#8243; _builder_version=&#8221;4.18.0&#8243; _module_preset=&#8221;default&#8221; global_colors_info=&#8221;{}&#8221;][et_pb_image src=&#8221;https:\/\/catanddogworld.com\/wp-content\/uploads\/2022\/09\/cat-and-dog-world-transport-4-scaled-1.webp&#8221; title_text=&#8221;cat-and-dog-world-transport-4-scaled-1&#8243; show_in_lightbox=&#8221;on&#8221; align=&#8221;center&#8221; _builder_version=&#8221;4.18.0&#8243; _module_preset=&#8221;default&#8221; width=&#8221;70%&#8221; border_radii=&#8221;on|10px|10px|10px|10px&#8221; box_shadow_style=&#8221;preset1&#8243; global_colors_info=&#8221;{}&#8221;][\/et_pb_image][\/et_pb_column][\/et_pb_row][\/et_pb_section]<\/p>","protected":false},"excerpt":{"rendered":"<p>Fully Licensed Pet TransportCat and Dog World specialise in taking care of all aspects of pet travel. Exporting your cat or dog we realise can be a very worrying and confusing experience, with very strict import regulations especially for entry into the United Kingdom.Cat and Dog World specialise in all arrangements including microchip, rabies vaccination, [&hellip;]<\/p>","protected":false},"author":1,"featured_media":0,"parent":0,"menu_order":0,"comment_status":"closed","ping_status":"closed","template":"","meta":{"_et_pb_use_builder":"on","_et_pb_old_content":"","_et_gb_content_width":"","footnotes":""},"class_list":["post-190","page","type-page","status-publish","hentry"],"yoast_head":"<!-- This site is optimized with the Yoast SEO plugin v26.1.1 - https:\/\/yoast.com\/wordpress\/plugins\/seo\/ -->\n<title>Transport - Cat &amp; Dog World<\/title>\n<meta name=\"robots\" content=\"index, follow, max-snippet:-1, max-image-preview:large, max-video-preview:-1\" \/>\n<link rel=\"canonical\" href=\"https:\/\/catanddogworld.com\/es\/transport\/\" \/>\n<meta property=\"og:locale\" content=\"es_ES\" \/>\n<meta property=\"og:type\" content=\"article\" \/>\n<meta property=\"og:title\" content=\"Transport - Cat &amp; Dog World\" \/>\n<meta property=\"og:description\" content=\"Fully Licensed Pet TransportCat and Dog World specialise in taking care of all aspects of pet travel. Exporting your cat or dog we realise can be a very worrying and confusing experience, with very strict import regulations especially for entry into the United Kingdom.Cat and Dog World specialise in all arrangements including microchip, rabies vaccination, [&hellip;]\" \/>\n<meta property=\"og:url\" content=\"https:\/\/catanddogworld.com\/es\/transport\/\" \/>\n<meta property=\"og:site_name\" content=\"Cat &amp; Dog World\" \/>\n<meta property=\"article:modified_time\" content=\"2023-04-11T17:40:16+00:00\" \/>\n<meta name=\"twitter:card\" content=\"summary_large_image\" \/>\n<meta name=\"twitter:label1\" content=\"Tiempo de lectura\" \/>\n\t<meta name=\"twitter:data1\" content=\"5 minutos\" \/>\n<script type=\"application\/ld+json\" class=\"yoast-schema-graph\">{\"@context\":\"https:\/\/schema.org\",\"@graph\":[{\"@type\":\"WebPage\",\"@id\":\"https:\/\/catanddogworld.com\/transport\/\",\"url\":\"https:\/\/catanddogworld.com\/transport\/\",\"name\":\"Transport - Cat &amp; Dog World\",\"isPartOf\":{\"@id\":\"https:\/\/catanddogworld.com\/#website\"},\"datePublished\":\"2022-09-15T16:16:13+00:00\",\"dateModified\":\"2023-04-11T17:40:16+00:00\",\"breadcrumb\":{\"@id\":\"https:\/\/catanddogworld.com\/transport\/#breadcrumb\"},\"inLanguage\":\"es\",\"potentialAction\":[{\"@type\":\"ReadAction\",\"target\":[\"https:\/\/catanddogworld.com\/transport\/\"]}]},{\"@type\":\"BreadcrumbList\",\"@id\":\"https:\/\/catanddogworld.com\/transport\/#breadcrumb\",\"itemListElement\":[{\"@type\":\"ListItem\",\"position\":1,\"name\":\"Home\",\"item\":\"https:\/\/catanddogworld.com\/\"},{\"@type\":\"ListItem\",\"position\":2,\"name\":\"Transport\"}]},{\"@type\":\"WebSite\",\"@id\":\"https:\/\/catanddogworld.com\/#website\",\"url\":\"https:\/\/catanddogworld.com\/\",\"name\":\"Cat &amp; Dog World\",\"description\":\"The Caring Touch\",\"potentialAction\":[{\"@type\":\"SearchAction\",\"target\":{\"@type\":\"EntryPoint\",\"urlTemplate\":\"https:\/\/catanddogworld.com\/?s={search_term_string}\"},\"query-input\":{\"@type\":\"PropertyValueSpecification\",\"valueRequired\":true,\"valueName\":\"search_term_string\"}}],\"inLanguage\":\"es\"}]}<\/script>\n<!-- \/ Yoast SEO plugin. -->","yoast_head_json":{"title":"Transport - Cat &amp; Dog World","robots":{"index":"index","follow":"follow","max-snippet":"max-snippet:-1","max-image-preview":"max-image-preview:large","max-video-preview":"max-video-preview:-1"},"canonical":"https:\/\/catanddogworld.com\/es\/transport\/","og_locale":"es_ES","og_type":"article","og_title":"Transport - Cat &amp; Dog World","og_description":"Fully Licensed Pet TransportCat and Dog World specialise in taking care of all aspects of pet travel. Exporting your cat or dog we realise can be a very worrying and confusing experience, with very strict import regulations especially for entry into the United Kingdom.Cat and Dog World specialise in all arrangements including microchip, rabies vaccination, [&hellip;]","og_url":"https:\/\/catanddogworld.com\/es\/transport\/","og_site_name":"Cat &amp; Dog World","article_modified_time":"2023-04-11T17:40:16+00:00","twitter_card":"summary_large_image","twitter_misc":{"Tiempo de lectura":"5 minutos"},"schema":{"@context":"https:\/\/schema.org","@graph":[{"@type":"WebPage","@id":"https:\/\/catanddogworld.com\/transport\/","url":"https:\/\/catanddogworld.com\/transport\/","name":"Transport - Cat &amp; Dog World","isPartOf":{"@id":"https:\/\/catanddogworld.com\/#website"},"datePublished":"2022-09-15T16:16:13+00:00","dateModified":"2023-04-11T17:40:16+00:00","breadcrumb":{"@id":"https:\/\/catanddogworld.com\/transport\/#breadcrumb"},"inLanguage":"es","potentialAction":[{"@type":"ReadAction","target":["https:\/\/catanddogworld.com\/transport\/"]}]},{"@type":"BreadcrumbList","@id":"https:\/\/catanddogworld.com\/transport\/#breadcrumb","itemListElement":[{"@type":"ListItem","position":1,"name":"Home","item":"https:\/\/catanddogworld.com\/"},{"@type":"ListItem","position":2,"name":"Transport"}]},{"@type":"WebSite","@id":"https:\/\/catanddogworld.com\/#website","url":"https:\/\/catanddogworld.com\/","name":"Cat &amp; Dog World","description":"The Caring Touch","potentialAction":[{"@type":"SearchAction","target":{"@type":"EntryPoint","urlTemplate":"https:\/\/catanddogworld.com\/?s={search_term_string}"},"query-input":{"@type":"PropertyValueSpecification","valueRequired":true,"valueName":"search_term_string"}}],"inLanguage":"es"}]}},"_links":{"self":[{"href":"https:\/\/catanddogworld.com\/es\/wp-json\/wp\/v2\/pages\/190","targetHints":{"allow":["GET"]}}],"collection":[{"href":"https:\/\/catanddogworld.com\/es\/wp-json\/wp\/v2\/pages"}],"about":[{"href":"https:\/\/catanddogworld.com\/es\/wp-json\/wp\/v2\/types\/page"}],"author":[{"embeddable":true,"href":"https:\/\/catanddogworld.com\/es\/wp-json\/wp\/v2\/users\/1"}],"replies":[{"embeddable":true,"href":"https:\/\/catanddogworld.com\/es\/wp-json\/wp\/v2\/comments?post=190"}],"version-history":[{"count":1,"href":"https:\/\/catanddogworld.com\/es\/wp-json\/wp\/v2\/pages\/190\/revisions"}],"predecessor-version":[{"id":231295,"href":"https:\/\/catanddogworld.com\/es\/wp-json\/wp\/v2\/pages\/190\/revisions\/231295"}],"wp:attachment":[{"href":"https:\/\/catanddogworld.com\/es\/wp-json\/wp\/v2\/media?parent=190"}],"curies":[{"name":"wp","href":"https:\/\/api.w.org\/{rel}","templated":true}]}}