{"id":20,"date":"2022-09-06T15:24:10","date_gmt":"2022-09-06T15:24:10","guid":{"rendered":"https:\/\/matthewm203.sg-host.com\/?page_id=20"},"modified":"2023-09-01T13:30:34","modified_gmt":"2023-09-01T13:30:34","slug":"faq","status":"publish","type":"page","link":"https:\/\/catanddogworld.com\/es\/faq\/","title":{"rendered":"FAQ"},"content":{"rendered":"<p>[et_pb_section fb_built=&#8221;1&#8243; _builder_version=&#8221;4.18.0&#8243; _module_preset=&#8221;default&#8221; background_color=&#8221;rgba(255,255,255,0.79)&#8221; background_image=&#8221;https:\/\/catanddogworld.com\/wp-content\/uploads\/2022\/09\/pink-paws1.png&#8221; parallax=&#8221;on&#8221; parallax_method=&#8221;off&#8221; background_image_phone=&#8221;https:\/\/catanddogworld.com\/wp-content\/uploads\/2022\/09\/Artboard-1.png&#8221; background_enable_image_phone=&#8221;on&#8221; background_size_phone=&#8221;contain&#8221; background_repeat_phone=&#8221;repeat&#8221; locked=&#8221;off&#8221; global_colors_info=&#8221;{}&#8221;][et_pb_row _builder_version=&#8221;4.18.0&#8243; _module_preset=&#8221;default&#8221; custom_padding=&#8221;70px||||false|false&#8221; global_colors_info=&#8221;{}&#8221;][et_pb_column type=&#8221;4_4&#8243; _builder_version=&#8221;4.17.6&#8243; _module_preset=&#8221;default&#8221; global_colors_info=&#8221;{}&#8221;][et_pb_text _builder_version=&#8221;4.20.0&#8243; _module_preset=&#8221;default&#8221; header_2_font=&#8221;RocknRoll One||||||||&#8221; header_2_text_color=&#8221;#2c2b4c&#8221; header_2_font_size=&#8221;40px&#8221; header_2_line_height=&#8221;1.2em&#8221; text_orientation=&#8221;center&#8221; custom_margin=&#8221;||||false|false&#8221; header_2_font_size_tablet=&#8221;32px&#8221; header_2_font_size_phone=&#8221;30px&#8221; header_2_font_size_last_edited=&#8221;on|desktop&#8221; header_2_line_height_tablet=&#8221;1.2em&#8221; header_2_line_height_phone=&#8221;1.4em&#8221; header_2_line_height_last_edited=&#8221;on|phone&#8221; z_index_tablet=&#8221;&#8221; z_index_phone=&#8221;-2&#8243; z_index_last_edited=&#8221;on|phone&#8221; global_colors_info=&#8221;{}&#8221;]<\/p>\n<h1>Preguntas frecuentes<\/h1>\n<p>[\/et_pb_text][\/et_pb_column][\/et_pb_row][et_pb_row _builder_version=&#8221;4.17.6&#8243; _module_preset=&#8221;default&#8221; global_colors_info=&#8221;{}&#8221;][et_pb_column type=&#8221;4_4&#8243; _builder_version=&#8221;4.17.6&#8243; _module_preset=&#8221;default&#8221; global_colors_info=&#8221;{}&#8221;][et_pb_text _builder_version=&#8221;4.18.0&#8243; _module_preset=&#8221;default&#8221; header_2_font=&#8221;RocknRoll One||||||||&#8221; header_2_text_align=&#8221;center&#8221; header_2_font_size=&#8221;21px&#8221; header_2_line_height=&#8221;1.3em&#8221; global_colors_info=&#8221;{}&#8221;]<\/p>\n<h2 style=\"text-align: left;\">P: \u00bfQu\u00e9 necesita mi mascota para alojarse en Cat and Dog World?<br \/>R: Pedimos una prueba de que todos los animales tienen las vacunas al d\u00eda.<\/h2>\n<p>&nbsp;<\/p>\n<h2 style=\"text-align: left;\">P: \u00bfPuedo ver las perreras antes de reservar?<br \/>R: S\u00ed, ll\u00e1menos por tel\u00e9fono para informarnos de cu\u00e1ndo quiere venir dentro de nuestro horario de apertura.<\/h2>\n<p>&nbsp;<\/p>\n<h2 style=\"text-align: left;\">P: \u00bfPueden permanecer juntas mis mascotas?<br \/>R: S\u00ed, todas nuestras perreras y chalets para gatos son lo suficientemente grandes para 2 o m\u00e1s animales.<\/h2>\n<p>&nbsp;<\/p>\n<h2 style=\"text-align: left;\">P: \u00bfMi gato\/perro ser\u00e1 alojado con otro animal?<br \/>R: Nunca mezclamos gatos\/perros de diferentes hogares.<\/h2>\n<p>&nbsp;<\/p>\n<h2 style=\"text-align: left;\">P: \u00bfSe ejercitar\u00e1 mi perro?<br \/>R: S\u00ed, todos los perros pueden hacer ejercicio en libertad, individualmente, dos veces al d\u00eda en uno de nuestros siete grandes recintos seguros.<\/h2>\n<p>&nbsp;<\/p>\n<h2 style=\"text-align: left;\">P: \u00bfPuede mi mascota tomar comida en lata?<br \/>R: S\u00ed, sin coste adicional.<\/h2>\n<p>&nbsp;<\/p>\n<h2 style=\"text-align: left;\">P: \u00bfPuedo traer la cama y los juguetes de mi mascota?<br \/>R: S\u00ed, estamos encantados de que lo haga.<\/h2>\n<p>&nbsp;<\/p>\n<h2 style=\"text-align: left;\">P: \u00bfEl alojamiento de mi mascota tiene calefacci\u00f3n?<br \/>R: Las perreras\/los chalets para gatos con calefacci\u00f3n est\u00e1n disponibles por un cargo adicional.<\/h2>\n<p>&nbsp;<\/p>\n<h2 style=\"text-align: left;\">P: \u00bfQu\u00e9 pasa si mi perro tiene Leishmania?<br \/>R: Desgraciadamente, la leishmaniosis, causada por un par\u00e1sito, es muy com\u00fan en la Costa del Sol, por lo que tenemos mucha experiencia en la administraci\u00f3n de cualquier forma de medicaci\u00f3n prescrita por su veterinario.<\/h2>\n<p>&nbsp;<\/p>\n<h2 style=\"text-align: left;\">P: \u00bfPuedo entregar\/recoger a mi mascota fuera de horario?<br \/>R: No, lamentablemente, ya que molesta a los animales, pero estamos abiertos los 7 d\u00edas de la semana.<\/h2>\n<p>&nbsp;<\/p>\n<h2 style=\"text-align: left;\"><\/h2>\n<p>[\/et_pb_text][\/et_pb_column][\/et_pb_row][\/et_pb_section]<\/p>","protected":false},"excerpt":{"rendered":"<p>Frequently Asked QuestionsQ: What does my pet need to board at Cat and Dog World?A: We ask to see proof that all animals have up to date vaccinations. &nbsp; Q: Can I view the kennels prior to booking?A: Yes, Please phone us to let us know when you want to come within our opening times. [&hellip;]<\/p>","protected":false},"author":1,"featured_media":0,"parent":0,"menu_order":0,"comment_status":"closed","ping_status":"closed","template":"","meta":{"_et_pb_use_builder":"on","_et_pb_old_content":"<!-- wp:divi\/placeholder \/-->","_et_gb_content_width":"","footnotes":""},"class_list":["post-20","page","type-page","status-publish","hentry"],"yoast_head":"<!-- This site is optimized with the Yoast SEO plugin v26.1.1 - https:\/\/yoast.com\/wordpress\/plugins\/seo\/ -->\n<title>Cat &amp; Dog World - FAQ<\/title>\n<meta name=\"description\" content=\"Frequently Asked Questions\" \/>\n<meta name=\"robots\" content=\"index, follow, max-snippet:-1, max-image-preview:large, max-video-preview:-1\" \/>\n<link rel=\"canonical\" href=\"https:\/\/catanddogworld.com\/es\/faq\/\" \/>\n<meta property=\"og:locale\" content=\"es_ES\" \/>\n<meta property=\"og:type\" content=\"article\" \/>\n<meta property=\"og:title\" content=\"Cat &amp; Dog World - FAQ\" \/>\n<meta property=\"og:description\" content=\"Frequently Asked Questions\" \/>\n<meta property=\"og:url\" content=\"https:\/\/catanddogworld.com\/es\/faq\/\" \/>\n<meta property=\"og:site_name\" content=\"Cat &amp; Dog World\" \/>\n<meta property=\"article:modified_time\" content=\"2023-09-01T13:30:34+00:00\" \/>\n<meta name=\"twitter:card\" content=\"summary_large_image\" \/>\n<meta name=\"twitter:label1\" content=\"Tiempo de lectura\" \/>\n\t<meta name=\"twitter:data1\" content=\"2 minutos\" \/>\n<script type=\"application\/ld+json\" class=\"yoast-schema-graph\">{\"@context\":\"https:\/\/schema.org\",\"@graph\":[{\"@type\":\"WebPage\",\"@id\":\"https:\/\/catanddogworld.com\/faq\/\",\"url\":\"https:\/\/catanddogworld.com\/faq\/\",\"name\":\"Cat &amp; Dog World - FAQ\",\"isPartOf\":{\"@id\":\"https:\/\/catanddogworld.com\/#website\"},\"datePublished\":\"2022-09-06T15:24:10+00:00\",\"dateModified\":\"2023-09-01T13:30:34+00:00\",\"description\":\"Frequently Asked Questions\",\"breadcrumb\":{\"@id\":\"https:\/\/catanddogworld.com\/faq\/#breadcrumb\"},\"inLanguage\":\"es\",\"potentialAction\":[{\"@type\":\"ReadAction\",\"target\":[\"https:\/\/catanddogworld.com\/faq\/\"]}]},{\"@type\":\"BreadcrumbList\",\"@id\":\"https:\/\/catanddogworld.com\/faq\/#breadcrumb\",\"itemListElement\":[{\"@type\":\"ListItem\",\"position\":1,\"name\":\"Home\",\"item\":\"https:\/\/catanddogworld.com\/\"},{\"@type\":\"ListItem\",\"position\":2,\"name\":\"FAQ\"}]},{\"@type\":\"WebSite\",\"@id\":\"https:\/\/catanddogworld.com\/#website\",\"url\":\"https:\/\/catanddogworld.com\/\",\"name\":\"Cat &amp; Dog World\",\"description\":\"The Caring Touch\",\"potentialAction\":[{\"@type\":\"SearchAction\",\"target\":{\"@type\":\"EntryPoint\",\"urlTemplate\":\"https:\/\/catanddogworld.com\/?s={search_term_string}\"},\"query-input\":{\"@type\":\"PropertyValueSpecification\",\"valueRequired\":true,\"valueName\":\"search_term_string\"}}],\"inLanguage\":\"es\"}]}<\/script>\n<!-- \/ Yoast SEO plugin. -->","yoast_head_json":{"title":"Cat &amp; Dog World - FAQ","description":"Frequently Asked Questions","robots":{"index":"index","follow":"follow","max-snippet":"max-snippet:-1","max-image-preview":"max-image-preview:large","max-video-preview":"max-video-preview:-1"},"canonical":"https:\/\/catanddogworld.com\/es\/faq\/","og_locale":"es_ES","og_type":"article","og_title":"Cat &amp; Dog World - FAQ","og_description":"Frequently Asked Questions","og_url":"https:\/\/catanddogworld.com\/es\/faq\/","og_site_name":"Cat &amp; Dog World","article_modified_time":"2023-09-01T13:30:34+00:00","twitter_card":"summary_large_image","twitter_misc":{"Tiempo de lectura":"2 minutos"},"schema":{"@context":"https:\/\/schema.org","@graph":[{"@type":"WebPage","@id":"https:\/\/catanddogworld.com\/faq\/","url":"https:\/\/catanddogworld.com\/faq\/","name":"Cat &amp; Dog World - FAQ","isPartOf":{"@id":"https:\/\/catanddogworld.com\/#website"},"datePublished":"2022-09-06T15:24:10+00:00","dateModified":"2023-09-01T13:30:34+00:00","description":"Frequently Asked Questions","breadcrumb":{"@id":"https:\/\/catanddogworld.com\/faq\/#breadcrumb"},"inLanguage":"es","potentialAction":[{"@type":"ReadAction","target":["https:\/\/catanddogworld.com\/faq\/"]}]},{"@type":"BreadcrumbList","@id":"https:\/\/catanddogworld.com\/faq\/#breadcrumb","itemListElement":[{"@type":"ListItem","position":1,"name":"Home","item":"https:\/\/catanddogworld.com\/"},{"@type":"ListItem","position":2,"name":"FAQ"}]},{"@type":"WebSite","@id":"https:\/\/catanddogworld.com\/#website","url":"https:\/\/catanddogworld.com\/","name":"Cat &amp; Dog World","description":"The Caring Touch","potentialAction":[{"@type":"SearchAction","target":{"@type":"EntryPoint","urlTemplate":"https:\/\/catanddogworld.com\/?s={search_term_string}"},"query-input":{"@type":"PropertyValueSpecification","valueRequired":true,"valueName":"search_term_string"}}],"inLanguage":"es"}]}},"_links":{"self":[{"href":"https:\/\/catanddogworld.com\/es\/wp-json\/wp\/v2\/pages\/20","targetHints":{"allow":["GET"]}}],"collection":[{"href":"https:\/\/catanddogworld.com\/es\/wp-json\/wp\/v2\/pages"}],"about":[{"href":"https:\/\/catanddogworld.com\/es\/wp-json\/wp\/v2\/types\/page"}],"author":[{"embeddable":true,"href":"https:\/\/catanddogworld.com\/es\/wp-json\/wp\/v2\/users\/1"}],"replies":[{"embeddable":true,"href":"https:\/\/catanddogworld.com\/es\/wp-json\/wp\/v2\/comments?post=20"}],"version-history":[{"count":2,"href":"https:\/\/catanddogworld.com\/es\/wp-json\/wp\/v2\/pages\/20\/revisions"}],"predecessor-version":[{"id":231307,"href":"https:\/\/catanddogworld.com\/es\/wp-json\/wp\/v2\/pages\/20\/revisions\/231307"}],"wp:attachment":[{"href":"https:\/\/catanddogworld.com\/es\/wp-json\/wp\/v2\/media?parent=20"}],"curies":[{"name":"wp","href":"https:\/\/api.w.org\/{rel}","templated":true}]}}